{"id":65,"date":"2021-10-20T11:54:21","date_gmt":"2021-10-20T11:54:21","guid":{"rendered":"https:\/\/integration.ow.ch\/?page_id=65"},"modified":"2025-10-09T11:19:51","modified_gmt":"2025-10-09T09:19:51","slug":"kanton-obwalden","status":"publish","type":"page","link":"https:\/\/integration.ow.ch\/it\/schweiz\/kanton-obwalden\/","title":{"rendered":"Cantone Obvaldo"},"content":{"rendered":"<h1 class=\"wp-block-heading\">Svizzera <\/h1>\n\n\n\n<h2 class=\"wp-block-heading\">Cantone Obvaldo<\/h2>\n\n\n\n<h3 class=\"wp-block-heading\">Domande:<\/h3>\n\n\n\n<div class=\"wp-block-quick-and-easy-faqs-faqs-accordion-orderby-title-asc\">            <div class=\"qae-faqs-container qae-faqs-toggle-container\">\n\t\t\t\t\t\t\t<ul class=\"qe-faqs-filters-container\">\n\t\t\t\t<li class=\"active\"><a class=\"qe-faqs-filter all-faqs\" href=\"#\" data-filter=\"*\">Tutti<\/a><\/li>\n\t\t\t\t<li><a class=\"qe-faqs-filter\" href=\"#Kanton Obwalden\" data-filter=\".Kanton Obwalden\">Cantone Obvaldo<\/a><\/li>\t\t\t<\/ul>\n\t\t\t\t\t<div id=\"qaef-206\" class=\"qe-faq-toggle kanton-obwalden\">\n\t\t\t<div class=\"qe-toggle-title\">\n\t\t\t\t<h4>\n\t\t\t\t\t<i class=\"fa fa-minus-circle\"><\/i> 01 Dove si trova il cantone di Obvaldo e quante persone ci vivono?\t\t\t\t<\/h4>\n\t\t\t<\/div>\n\t\t\t<div class=\"qe-toggle-content\">\n\t\t\t\t\n<p><strong>Land: <\/strong>Svizzera<br><strong>Nachbarkantone:<\/strong> Bern, Luzern, Nidwalden und Uri<br><strong>Gr\u00f6sse:<\/strong> 490.49 Quadratkilometer<br><strong>Hauptort:<\/strong> Sarnen<br><strong>Gemeinden:<\/strong> 7<br><strong>Anzahl Einwohnerinnen und Einwohner:<\/strong> 39&#8217;272 (Stand 2023)<\/p>\n\n\n\n<p>Potete trovare le informazioni pi\u00f9 importanti sul cantone di Obvaldo&nbsp;<strong><em><a rel=\"noreferrer noopener\" href=\"https:\/\/www.ow.ch\/willkommen\/4463\" target=\"_blank\"><strong>qui<\/strong><\/a><\/em><\/strong>.<\/p>\n\n\n\n<p>Se volete saperne di pi\u00f9 sul&nbsp;<strong>La storia<\/strong>&nbsp;del Cantone di Obvaldo, si prega di leggere quanto segue&nbsp;<em><a href=\"https:\/\/www.ow.ch\/geschichte\/422\" target=\"_blank\" rel=\"noreferrer noopener\"><strong>qui<\/strong><\/a><\/em>&nbsp;di pi\u00f9.<\/p>\n\t\t\t<\/div>\n\t\t<\/div>\n\t\t\t\t<div id=\"qaef-209\" class=\"qe-faq-toggle kanton-obwalden\">\n\t\t\t<div class=\"qe-toggle-title\">\n\t\t\t\t<h4>\n\t\t\t\t\t<i class=\"fa fa-minus-circle\"><\/i> 02. Quali comuni appartengono al Cantone di Obvaldo?\t\t\t\t<\/h4>\n\t\t\t<\/div>\n\t\t\t<div class=\"qe-toggle-content\">\n\t\t\t\t\n<p>Il cantone di Obvaldo ha\u00a0<strong>sieben\u00a0Gemeinden<\/strong>: Alpnach, Engelberg, Giswil, Kerns, Lungern, Sachseln und Sarnen. <br>Die Gemeinde Engelberg ist dabei r\u00e4umlich durch den Kanton Nidwalden von den restlichen sechs Gemeinden getrennt. Sie befindet sich nicht im Sarneraatal wie die anderen Gemeinden und ist somit eine Exklave. Die Gemeinden haben allgemein eine starke Autonomie in der Aufgabenerf\u00fcllung, arbeiten aber eng zusammen.<\/p>\n\n\n\n<p>Di seguito sono riportati i link ai siti web comunali:<\/p>\n\n\n\n<p><a href=\"http:\/\/www.alpnach.ch\/\" target=\"_blank\" rel=\"noreferrer noopener\"><strong><em>Comune di Alpnach<\/em><\/strong><\/a><\/p>\n\n\n\n<p><em><a href=\"https:\/\/www.gde-engelberg.ch\/\" target=\"_blank\" rel=\"noreferrer noopener\"><strong>Comune di Engelberg<\/strong><\/a>&nbsp;<\/em><\/p>\n\n\n\n<p><em><a href=\"http:\/\/www.giswil.ch\/\" target=\"_blank\" rel=\"noreferrer noopener\"><strong>Comunit\u00e0 di Giswil<\/strong><\/a><\/em>&nbsp;<\/p>\n\n\n\n<p><em><a href=\"http:\/\/www.kerns.ch\/\" target=\"_blank\" rel=\"noreferrer noopener\"><strong>Comunit\u00e0 di Kerns<\/strong><\/a>&nbsp;<\/em><\/p>\n\n\n\n<p><a href=\"http:\/\/www.lungern.ch\/\" target=\"_blank\" rel=\"noreferrer noopener\"><strong><em>Comunit\u00e0 di Lungern<\/em><\/strong><\/a>&nbsp;<\/p>\n\n\n\n<p><em><a href=\"http:\/\/www.sachseln.ch\/\" target=\"_blank\" rel=\"noreferrer noopener\"><strong>Comunit\u00e0 di Sachseln<\/strong><\/a><\/em>&nbsp;<\/p>\n\n\n\n<p><a href=\"http:\/\/www.sarnen.ch\/\" target=\"_blank\" rel=\"noreferrer noopener\"><strong><em>Comunit\u00e0 di Sarnen<\/em><\/strong><\/a>&nbsp;<\/p>\n\t\t\t<\/div>\n\t\t<\/div>\n\t\t\t\t<div id=\"qaef-210\" class=\"qe-faq-toggle kanton-obwalden\">\n\t\t\t<div class=\"qe-toggle-title\">\n\t\t\t\t<h4>\n\t\t\t\t\t<i class=\"fa fa-minus-circle\"><\/i> 03. Welcher Religion geh\u00f6ren die Einwohnerinnen und Einwohner des Kantons Obwalden an?\t\t\t\t<\/h4>\n\t\t\t<\/div>\n\t\t\t<div class=\"qe-toggle-content\">\n\t\t\t\t\n<div class=\"inherit-container-width wp-block-group is-layout-constrained wp-block-group-is-layout-constrained\"><div class=\"wp-block-group__inner-container\">\n<figure class=\"wp-block-image alignright size-full is-resized\"><img decoding=\"async\" loading=\"lazy\" width=\"300\" height=\"203\" src=\"https:\/\/integration.ow.ch\/wp-content\/uploads\/2021\/11\/csm_F13-3_24816466_lagom_f8d8e6afbf-1.jpg\" alt=\"\" class=\"wp-image-211\" style=\"width:300px;height:203px\" \/><\/figure>\n\n\n\n<p>Der Kanton Obwalden ist \u00fcberwiegend <strong>katholisch gepr\u00e4gt<\/strong>. Rund 60 % der Obwaldnerinnen und Obwaldner gaben im Jahr 2023 die r\u00f6misch-katholische Konfession als Religionszugeh\u00f6rigkeit an. Rund 8 % waren evangelisch-reformiert und etwa 6 % geh\u00f6rten anderen Konfessionen an. Der Anteil an konfessionslosen Personen betrug 2023 25%.<\/p>\n<\/div><\/div>\n\t\t\t<\/div>\n\t\t<\/div>\n\t\t\t\t<div id=\"qaef-215\" class=\"qe-faq-toggle kanton-obwalden\">\n\t\t\t<div class=\"qe-toggle-title\">\n\t\t\t\t<h4>\n\t\t\t\t\t<i class=\"fa fa-minus-circle\"><\/i> 05. Wie ist das politische System des Kantons Obwalden aufgebaut?\t\t\t\t<\/h4>\n\t\t\t<\/div>\n\t\t\t<div class=\"qe-toggle-content\">\n\t\t\t\t\n<div class=\"inherit-container-width wp-block-group is-layout-constrained wp-block-group-is-layout-constrained\"><div class=\"wp-block-group__inner-container\">\n<p>Auf kantonaler Ebene weist das politische System die gleichen Strukturen auf, wie auf Bundesebene. Auch hier gilt die Unterscheidung in:<\/p>\n\n\n\n<figure class=\"wp-block-image alignleft size-full is-resized\"><img decoding=\"async\" loading=\"lazy\" width=\"300\" height=\"203\" src=\"https:\/\/integration.ow.ch\/wp-content\/uploads\/2021\/11\/csm_F8-2_23542181_RalphKlein_01d2fa156a.jpg\" alt=\"\" class=\"wp-image-216\" \/><\/figure>\n\n\n\n<p><br>     Legislatura (potere legislativo): <a href=\"https:\/\/www.ow.ch\/kantonsratview\"><em><strong>Consiglio cantonale<\/strong><\/em><\/a><br>     Esecutivo (potere esecutivo): <a href=\"https:\/\/www.ow.ch\/regierungsratview#:~:text=Der%20Regierungsrat%20Obwalden%20im%20Amtsjahr,Sch%C3%A4li%2C%20Landschreiberin%20Nicole%20Frunz%20Wallimann.\"><strong><em>Consigliere di governo<\/em><\/strong><\/a><br>     Magistratura (potere giudiziario): <a href=\"https:\/\/www.ow.ch\/koerperschaften\/237\"><strong><em>Tribunale cantonale<\/em><\/strong><\/a><br><br><br><br><\/p>\n\n\n\n<div style=\"height:14px\" aria-hidden=\"true\" class=\"wp-block-spacer\"><\/div>\n\n\n\n<p>Die wichtigsten Parteien im Kanton sind die Schweizerische Volkspartei (SVP), die Mitte, die Liberalen (FDP), die Christlichsoziale Partei Obwalden (CSP OW) und die Sozialdemokratische Partei Obwalden (SP).<\/p>\n<\/div><\/div>\n\n\n\n<p><\/p>\n\t\t\t<\/div>\n\t\t<\/div>\n\t\t            <\/div>\n\t\t<\/div>\n\n\n\n<p><\/p>","protected":false},"excerpt":{"rendered":"<p>Schweiz Kanton Obwalden Fragen:<\/p>","protected":false},"author":1,"featured_media":0,"parent":102,"menu_order":3,"comment_status":"closed","ping_status":"closed","template":"","meta":{"_uag_custom_page_level_css":"","site-sidebar-layout":"default","site-content-layout":"default","ast-site-content-layout":"default","site-content-style":"default","site-sidebar-style":"default","ast-global-header-display":"","ast-banner-title-visibility":"","ast-main-header-display":"","ast-hfb-above-header-display":"","ast-hfb-below-header-display":"","ast-hfb-mobile-header-display":"","site-post-title":"disabled","ast-breadcrumbs-content":"","ast-featured-img":"disabled","footer-sml-layout":"","ast-disable-related-posts":"","theme-transparent-header-meta":"default","adv-header-id-meta":"","stick-header-meta":"default","header-above-stick-meta":"","header-main-stick-meta":"","header-below-stick-meta":"","astra-migrate-meta-layouts":"set","ast-page-background-enabled":"default","ast-page-background-meta":{"desktop":{"background-color":"","background-image":"","background-repeat":"repeat","background-position":"center center","background-size":"auto","background-attachment":"scroll","background-type":"","background-media":"","overlay-type":"","overlay-color":"","overlay-opacity":"","overlay-gradient":""},"tablet":{"background-color":"","background-image":"","background-repeat":"repeat","background-position":"center center","background-size":"auto","background-attachment":"scroll","background-type":"","background-media":"","overlay-type":"","overlay-color":"","overlay-opacity":"","overlay-gradient":""},"mobile":{"background-color":"","background-image":"","background-repeat":"repeat","background-position":"center center","background-size":"auto","background-attachment":"scroll","background-type":"","background-media":"","overlay-type":"","overlay-color":"","overlay-opacity":"","overlay-gradient":""}},"ast-content-background-meta":{"desktop":{"background-color":"var(--ast-global-color-5)","background-image":"","background-repeat":"repeat","background-position":"center center","background-size":"auto","background-attachment":"scroll","background-type":"","background-media":"","overlay-type":"","overlay-color":"","overlay-opacity":"","overlay-gradient":""},"tablet":{"background-color":"var(--ast-global-color-5)","background-image":"","background-repeat":"repeat","background-position":"center center","background-size":"auto","background-attachment":"scroll","background-type":"","background-media":"","overlay-type":"","overlay-color":"","overlay-opacity":"","overlay-gradient":""},"mobile":{"background-color":"var(--ast-global-color-5)","background-image":"","background-repeat":"repeat","background-position":"center center","background-size":"auto","background-attachment":"scroll","background-type":"","background-media":"","overlay-type":"","overlay-color":"","overlay-opacity":"","overlay-gradient":""}},"footnotes":""},"class_list":["post-65","page","type-page","status-publish","hentry"],"uagb_featured_image_src":{"full":false,"thumbnail":false,"medium":false,"medium_large":false,"large":false,"1536x1536":false,"2048x2048":false,"trp-custom-language-flag":false},"uagb_author_info":{"display_name":"admin","author_link":"https:\/\/integration.ow.ch\/it\/author\/inow-wpadmin\/"},"uagb_comment_info":0,"uagb_excerpt":"Schweiz Kanton Obwalden Fragen:","_links":{"self":[{"href":"https:\/\/integration.ow.ch\/it\/wp-json\/wp\/v2\/pages\/65","targetHints":{"allow":["GET"]}}],"collection":[{"href":"https:\/\/integration.ow.ch\/it\/wp-json\/wp\/v2\/pages"}],"about":[{"href":"https:\/\/integration.ow.ch\/it\/wp-json\/wp\/v2\/types\/page"}],"author":[{"embeddable":true,"href":"https:\/\/integration.ow.ch\/it\/wp-json\/wp\/v2\/users\/1"}],"replies":[{"embeddable":true,"href":"https:\/\/integration.ow.ch\/it\/wp-json\/wp\/v2\/comments?post=65"}],"version-history":[{"count":1,"href":"https:\/\/integration.ow.ch\/it\/wp-json\/wp\/v2\/pages\/65\/revisions"}],"predecessor-version":[{"id":2129,"href":"https:\/\/integration.ow.ch\/it\/wp-json\/wp\/v2\/pages\/65\/revisions\/2129"}],"up":[{"embeddable":true,"href":"https:\/\/integration.ow.ch\/it\/wp-json\/wp\/v2\/pages\/102"}],"wp:attachment":[{"href":"https:\/\/integration.ow.ch\/it\/wp-json\/wp\/v2\/media?parent=65"}],"curies":[{"name":"wp","href":"https:\/\/api.w.org\/{rel}","templated":true}]}}