{"id":331,"date":"2021-11-08T08:01:51","date_gmt":"2021-11-08T08:01:51","guid":{"rendered":"https:\/\/integration.ow.ch\/?page_id=331"},"modified":"2025-08-14T15:21:56","modified_gmt":"2025-08-14T13:21:56","slug":"sozialversicherungen","status":"publish","type":"page","link":"https:\/\/integration.ow.ch\/it\/arbeit\/sozialversicherungen\/","title":{"rendered":"Sicurezza sociale"},"content":{"rendered":"<h1 class=\"wp-block-heading\">Lavoro<\/h1>\n\n\n\n<h2 class=\"wp-block-heading\">Sicurezza sociale<\/h2>\n\n\n\n<h3 class=\"wp-block-heading\">Domande:<\/h3>\n\n\n\n<div class=\"wp-block-quick-and-easy-faqs-faqs-accordion-orderby-title-asc\">            <div class=\"qae-faqs-container qae-faqs-toggle-container\">\n\t\t\t\t\t\t\t<ul class=\"qe-faqs-filters-container\">\n\t\t\t\t<li class=\"active\"><a class=\"qe-faqs-filter all-faqs\" href=\"#\" data-filter=\"*\">Tutti<\/a><\/li>\n\t\t\t\t<li><a class=\"qe-faqs-filter\" href=\"#Sozialversicherungen\" data-filter=\".Sozialversicherungen\">Sicurezza sociale<\/a><\/li>\t\t\t<\/ul>\n\t\t\t\t\t<div id=\"qaef-334\" class=\"qe-faq-toggle sozialversicherungen\">\n\t\t\t<div class=\"qe-toggle-title\">\n\t\t\t\t<h4>\n\t\t\t\t\t<i class=\"fa fa-minus-circle\"><\/i> 01 Come funziona la previdenza per la vecchiaia in Svizzera?\t\t\t\t<\/h4>\n\t\t\t<\/div>\n\t\t\t<div class=\"qe-toggle-content\">\n\t\t\t\t\n<div class=\"inherit-container-width wp-block-group is-layout-constrained wp-block-group-is-layout-constrained\"><div class=\"wp-block-group__inner-container\">\n<figure class=\"wp-block-image alignright size-full is-resized\"><img decoding=\"async\" loading=\"lazy\" width=\"300\" height=\"203\" src=\"https:\/\/integration.ow.ch\/wp-content\/uploads\/2021\/11\/csm_F1-2_25749200_Eric_Fahrner_481190d997.jpg\" alt=\"\" class=\"wp-image-335\" style=\"width:300px;height:203px\" \/><\/figure>\n\n\n\n<p>L'et\u00e0 pensionabile in Svizzera inizia a 64 anni per le donne e a 65 per gli uomini.<\/p>\n<\/div><\/div>\n\n\n\n<p>In der Schweiz baut die Altersvorsorge auf einem 3-S\u00e4ulen System auf:<br><strong>Provvedimento statale: <\/strong><br>Inhalt: Alters- und Hinterlassenenversicherung (AHV) und Invalidenversicherung (IV)<br>Ziel: Sicherung der Existenz<br>Responsabile: Stato<br><br><strong>Previdenza professionale <\/strong>(2\u00b0 pilastro):<br>Inhalt: Pensionskasse (PK)<br>Obiettivo: mantenere il tenore di vita<br>Responsabile: Datore di lavoro<br><br><strong>Fornitura privata<\/strong> (3\u00b0 pilastro):<br>Contenuto: previdenza vincolata (pilastro 3a) e previdenza libera (pilastro 3b)<br>Obiettivo: domanda aggiuntiva<br>Responsabile: Propriet\u00e0<\/p>\n\t\t\t<\/div>\n\t\t<\/div>\n\t\t\t\t<div id=\"qaef-336\" class=\"qe-faq-toggle sozialversicherungen\">\n\t\t\t<div class=\"qe-toggle-title\">\n\t\t\t\t<h4>\n\t\t\t\t\t<i class=\"fa fa-minus-circle\"><\/i> 02 A cosa serve l'assicurazione per l'invalidit\u00e0 (AI)?\t\t\t\t<\/h4>\n\t\t\t<\/div>\n\t\t\t<div class=\"qe-toggle-content\">\n\t\t\t\t\n<div class=\"inherit-container-width wp-block-group is-layout-constrained wp-block-group-is-layout-constrained\"><div class=\"wp-block-group__inner-container\">\n<figure class=\"wp-block-image alignleft size-full is-resized\"><img decoding=\"async\" loading=\"lazy\" width=\"300\" height=\"203\" src=\"https:\/\/integration.ow.ch\/wp-content\/uploads\/2021\/11\/csm_F2-3_7468620_RamonaHeim_8c3711f8f2.jpg\" alt=\"\" class=\"wp-image-337\" style=\"width:300px;height:203px\" \/><\/figure>\n\n\n\n<p>Die Abk\u00fcrzung IV steht f\u00fcr\u00a0Invalidenversicherung.\u00a0Sie ist neben der AHV eine weitere wichtige <strong>Sozialversicherung<\/strong> in der Schweiz. Als invalid gilt jemand, wenn er oder sie wegen einer k\u00f6rperlichen, psychischen oder geistigen Gesundheitseinschr\u00e4nkung bleibend oder f\u00fcr l\u00e4ngere Zeit (mindestens ein Jahr) nicht mehr oder nur noch teilweise arbeiten kann.<\/p>\n\n\n\n<p>Die IV hat in erster Linie die Aufgabe, die betroffenen Versicherten wieder ins Arbeitsleben zu integrieren. Wenn diese Massnahmen nicht zum Ziel f\u00fchren, bezahlt die IV den Versicherten eine\u00a0<strong>Pensione.<\/strong><\/p>\n\n\n\n<p>Per ulteriori informazioni sull'assicurazione per l'invalidit\u00e0, consultare il sito web <a href=\"https:\/\/www.ch.ch\/de\/versicherungen\/invalidenversicherung\/\"><strong><em>Sito web di ch.ch<\/em><\/strong><\/a>\u00a0e al<em>\u00a0<\/em><a href=\"https:\/\/www.akow.ch\/private\/gesundheitssituation\/invaliditaet\/\"><em><strong><em><strong>I<\/strong><\/em><\/strong><\/em><strong><em>V-Stelle des Kantons Obwalden<\/em><\/strong>.<\/a><\/p>\n<\/div><\/div>\n\n\n\n<p><\/p>\n\t\t\t<\/div>\n\t\t<\/div>\n\t\t\t\t<div id=\"qaef-338\" class=\"qe-faq-toggle sozialversicherungen\">\n\t\t\t<div class=\"qe-toggle-title\">\n\t\t\t\t<h4>\n\t\t\t\t\t<i class=\"fa fa-minus-circle\"><\/i> 03. chi e cosa \u00e8 assicurato con una polizza infortuni?\t\t\t\t<\/h4>\n\t\t\t<\/div>\n\t\t\t<div class=\"qe-toggle-content\">\n\t\t\t\t\n<div class=\"inherit-container-width wp-block-group is-layout-constrained wp-block-group-is-layout-constrained\"><div class=\"wp-block-group__inner-container\">\n<figure class=\"wp-block-image alignright size-full is-resized\"><img decoding=\"async\" loading=\"lazy\" src=\"https:\/\/integration.ow.ch\/wp-content\/uploads\/2021\/11\/csm_F3-2_17985027_PeterAtkins_4fca6b9e12.jpg\" alt=\"\" class=\"wp-image-339\" width=\"300\" height=\"203\" \/><\/figure>\n\n\n\n<p>Tutti i dipendenti in Svizzera&nbsp;<strong>Lavoratori<\/strong>&nbsp;sono assicurati contro gli infortuni.<\/p>\n\n\n\n<ul class=\"wp-block-list\">\n<li>Lavorate&nbsp;<strong>otto ore o pi\u00f9 alla settimana<\/strong>&nbsp;con un datore di lavoro: in questo caso si \u00e8 assicurati contro gli infortuni professionali e contro i cosiddetti infortuni non professionali (infortuni durante il tragitto verso il lavoro e nel tempo libero).<\/li>\n\n\n\n<li>Lavorate&nbsp;<strong>Meno di otto ore<\/strong>&nbsp;a settimana presso un datore di lavoro: in questo caso si \u00e8 assicurati solo contro gli infortuni professionali e gli infortuni durante il tragitto verso il lavoro. Per gli infortuni nel tempo libero (ad esempio in ambito domestico) \u00e8 necessario stipulare un'assicurazione contro gli infortuni presso la cassa malattia.<\/li>\n\n\n\n<li><strong>Disoccupati,<\/strong>&nbsp;che hanno diritto all'indennit\u00e0 di disoccupazione sono assicurati obbligatoriamente.<\/li>\n<\/ul>\n\n\n\n<p><strong>Non assicurato<\/strong>&nbsp;sono persone che non svolgono un'attivit\u00e0 lavorativa, ad esempio casalinghe e mariti, bambini, studenti, pensionati o disoccupati che sono stati esentati dalle tasse. Queste persone devono sottoscrivere un'assicurazione obbligatoria contro gli infortuni presso la cassa malattia.<\/p>\n\n\n\n<p><strong>\u00c8 cos\u00ec che si procede in caso di incidente: <\/strong>Segnalate sempre immediatamente l'incidente al vostro datore di lavoro o alla cassa malattia. Il modulo pu\u00f2 essere richiesto al proprio datore di lavoro o alla propria cassa malattia. <\/p>\n<\/div><\/div>\n\t\t\t<\/div>\n\t\t<\/div>\n\t\t\t\t<div id=\"qaef-340\" class=\"qe-faq-toggle sozialversicherungen\">\n\t\t\t<div class=\"qe-toggle-title\">\n\t\t\t\t<h4>\n\t\t\t\t\t<i class=\"fa fa-minus-circle\"><\/i> 04 Come \u00e8 organizzata l'assicurazione contro la disoccupazione (UI)?\t\t\t\t<\/h4>\n\t\t\t<\/div>\n\t\t\t<div class=\"qe-toggle-content\">\n\t\t\t\t\n<div class=\"inherit-container-width wp-block-group is-layout-constrained wp-block-group-is-layout-constrained\"><div class=\"wp-block-group__inner-container\">\n<figure class=\"wp-block-image alignleft size-full is-resized\"><img decoding=\"async\" loading=\"lazy\" width=\"300\" height=\"203\" src=\"https:\/\/integration.ow.ch\/wp-content\/uploads\/2021\/11\/csm_F4-2_25425237_pizuttipics_19be96a15c.jpg\" alt=\"\" class=\"wp-image-341\" style=\"width:300px;height:203px\" \/><\/figure>\n\n\n\n<p>Per ricevere l'indennit\u00e0 di disoccupazione, \u00e8 necessario registrarsi presso l'ufficio di collocamento.\u00a0<em><a href=\"http:\/\/www.rav-ownw.ch\/\" target=\"_blank\" rel=\"noreferrer noopener\"><strong>Centro regionale per l'impiego RAV<\/strong><\/a><\/em>\u00a0anmelden. Dies sollten Sie schon bevor Sie arbeitslos werden tun. Also beispielsweise sobald Sie erfahren, dass Ihnen gek\u00fcndigt wird. Falls Sie noch bei keiner Arbeitslosenkasse angemeldet sind, k\u00f6nnen Sie das beim RAV erledigen.<\/p>\n\n\n\n<p><a href=\"https:\/\/www.bsv.admin.ch\/bsv\/de\/home\/sozialversicherungen\/alv.html\"><em><strong>Qui<\/strong><\/em><\/a> troverete ulteriori informazioni sull'assicurazione contro la disoccupazione in Svizzera. <\/p>\n<\/div><\/div>\n\n\n\n<p><\/p>\n\t\t\t<\/div>\n\t\t<\/div>\n\t\t\t\t<div id=\"qaef-342\" class=\"qe-faq-toggle sozialversicherungen\">\n\t\t\t<div class=\"qe-toggle-title\">\n\t\t\t\t<h4>\n\t\t\t\t\t<i class=\"fa fa-minus-circle\"><\/i> 05. chi e cosa \u00e8 coperto dall'assicurazione sanitaria (KV)?\t\t\t\t<\/h4>\n\t\t\t<\/div>\n\t\t\t<div class=\"qe-toggle-content\">\n\t\t\t\t\n<div class=\"inherit-container-width wp-block-group is-layout-constrained wp-block-group-is-layout-constrained\"><div class=\"wp-block-group__inner-container\">\n<div class=\"wp-block-image\"><figure class=\"alignright size-full\"><img decoding=\"async\" loading=\"lazy\" width=\"300\" height=\"203\" src=\"https:\/\/integration.ow.ch\/wp-content\/uploads\/2021\/11\/csm_F5-1_27102515_Schlierner_c0854f8fb4.jpg\" alt=\"\" class=\"wp-image-343\" \/><\/figure><\/div>\n\n\n\n<p><strong>Obbligatorio<\/strong>&nbsp;\u00e8 il cosiddetto&nbsp;<strong>Assicurazione di base.<\/strong>&nbsp;Le compagnie di assicurazione sanitaria devono includere ogni persona nell'assicurazione di base, indipendentemente dall'et\u00e0 e dallo stato di salute. Gli assicurati sono liberi di scegliere la propria compagnia di assicurazione sanitaria.<\/p>\n\n\n\n<p>Tutti sono coperti dall'assicurazione di base per il&nbsp;<strong>stesso servizio<\/strong>&nbsp;assicurato. Tuttavia, a seconda della compagnia di assicurazione sanitaria e del modello assicurativo, il prezzo varia. Le prestazioni coperte dall'assicurazione di base comprendono, ad esempio, le cure presso uno studio medico e un ospedale, i farmaci prescritti dal medico e gli esami di laboratorio, la psicoterapia e la fisioterapia, i controlli durante la gravidanza, le vaccinazioni, i controlli sanitari per i bambini e i costi parziali per i trasporti di emergenza. Le cure dentistiche ordinarie non sono coperte dall'assicurazione di base.<\/p>\n\n\n\n<p>Si pu\u00f2 fare volontariamente un&nbsp;<strong>Assicurazione complementare&nbsp;<\/strong>e di dover pagare un premio maggiore per questo. In questo modo si pagano le prestazioni aggiuntive.<\/p>\n\n\n\n<p><em><a href=\"https:\/\/www.comparis.ch\/krankenkassen\/info\/glossar\/leistungen-krankenpflegeversicherung.aspx\" target=\"_blank\" rel=\"noreferrer noopener\"><strong>Qui<\/strong><\/a><\/em>&nbsp;troverete un elenco di tutte le prestazioni assicurative di base.<\/p>\n\n\n\n<p>Il\u00a0<a href=\"https:\/\/www.migesplus.ch\/publikationen\/gesundheitswegweiser-schweiz\" target=\"_blank\" rel=\"noreferrer noopener\"><em><strong>Guida alla salute Svizzera<\/strong><\/em><\/a>\u00a0aiuta i migranti a orientarsi nel sistema sanitario svizzero. \u00c8 disponibile in varie lingue.<\/p>\n\n\n\n<p><em><strong><a rel=\"noreferrer noopener\" href=\"https:\/\/www.bsv.admin.ch\/bsv\/de\/home\/sozialversicherungen\/kv-uv.html\" target=\"_blank\">Qui\u00a0<\/a><\/strong><\/em>troverete ulteriori informazioni sul tema dell'assicurazione sanitaria in Svizzera. <\/p>\n<\/div><\/div>\n\t\t\t<\/div>\n\t\t<\/div>\n\t\t\t\t<div id=\"qaef-348\" class=\"qe-faq-toggle sozialversicherungen\">\n\t\t\t<div class=\"qe-toggle-title\">\n\t\t\t\t<h4>\n\t\t\t\t\t<i class=\"fa fa-minus-circle\"><\/i> 06 Che cos'\u00e8 l'assicurazione di maternit\u00e0?\t\t\t\t<\/h4>\n\t\t\t<\/div>\n\t\t\t<div class=\"qe-toggle-content\">\n\t\t\t\t\n<div class=\"inherit-container-width wp-block-group is-layout-constrained wp-block-group-is-layout-constrained\"><div class=\"wp-block-group__inner-container\">\n<figure class=\"wp-block-image alignleft size-full is-resized\"><img decoding=\"async\" loading=\"lazy\" width=\"300\" height=\"203\" src=\"https:\/\/integration.ow.ch\/wp-content\/uploads\/2021\/11\/csm_F8-3_7473662_MonartDesign_af847f4480.jpg\" alt=\"\" class=\"wp-image-349\" style=\"width:300px;height:203px\" \/><\/figure>\n\n\n\n<p>In der Schweiz existiert eine gesetzlich vorgeschriebene Mutterschaftsversicherung: Das heisst, erwerbst\u00e4tige M\u00fctter bekommen nach der Geburt w\u00e4hrend 14 Wochen einen Urlaub und erhalten 80 % des durchschnittlichen Lohns. Dieser wird auch Mutterschaftsentsch\u00e4digung oder <strong>Mutterschaftsurlaub<\/strong> genannt.<br>Ulteriori informazioni sul <a href=\"https:\/\/www.bsv.admin.ch\/bsv\/de\/home\/sozialversicherungen\/eo-msv\/grundlagen-und-gesetze\/mutterschaft.html\"><em><strong>Indennit\u00e0 di maternit\u00e0<\/strong><\/em><\/a> e al <a href=\"https:\/\/www.bsv.admin.ch\/bsv\/de\/home\/informationen-fuer\/kmu\/fall-zu-fall\/schwangerschaft.html\"><strong><em>Tutela della lavoratrice durante la maternit\u00e0<\/em><\/strong><\/a> \u00e8 disponibile sul sito web dell'Ufficio federale delle assicurazioni sociali.<\/p>\n\n\n\n<p> <br>Seit 2021 existiert in der Schweiz ein gesetzlicher Anspruch auf <strong>Vaterschaftsurlaub, beziehungsweise Urlaub des anderen Elternteils<\/strong>. Offiziell betr\u00e4gt dieser 2 Wochen. N\u00e4here Informationen dazu erhalten Sie direkt bei Ihrer Arbeitgeberin, Ihrem Arbeitgeber oder <em><strong><a href=\"https:\/\/www.ch.ch\/de\/familie-und-partnerschaft\/mutterschaft-und-vaterschaft\/vaterschaftsurlaub--urlaub-des-anderen-elternteils\/\" target=\"_blank\" rel=\"noreferrer noopener\">qui<\/a><\/strong><\/em>.\u00a0\u00a0<\/p>\n\n\n\n<p><\/p>\n<\/div><\/div>\n\n\n\n<p><\/p>\n\t\t\t<\/div>\n\t\t<\/div>\n\t\t\t\t<div id=\"qaef-350\" class=\"qe-faq-toggle sozialversicherungen\">\n\t\t\t<div class=\"qe-toggle-title\">\n\t\t\t\t<h4>\n\t\t\t\t\t<i class=\"fa fa-minus-circle\"><\/i> 07 Chi riceve gli assegni familiari?\t\t\t\t<\/h4>\n\t\t\t<\/div>\n\t\t\t<div class=\"qe-toggle-content\">\n\t\t\t\t\n<div class=\"inherit-container-width wp-block-group is-layout-constrained wp-block-group-is-layout-constrained\"><div class=\"wp-block-group__inner-container\">\n<figure class=\"wp-block-image alignright size-full is-resized\"><img decoding=\"async\" loading=\"lazy\" width=\"300\" height=\"203\" src=\"https:\/\/integration.ow.ch\/wp-content\/uploads\/2021\/11\/csm_F9-1_33024846_ChepkoDanil_33bfec4c6f.jpg\" alt=\"\" class=\"wp-image-351\" style=\"width:300px;height:203px\" \/><\/figure>\n\n\n\n<p>Familienzulagen sind Geldleistungen f\u00fcr Familien, um die finanzielle Belastung durch ein oder mehrere Kinder teilweise auszugleichen.<\/p>\n\n\n\n<p>Arbeitnehmende mit einem <strong>AHV-pflichtigen Einkommen von mindestens CHF 7\u2018050.- pro Jahr<\/strong> (CHF 587.- pro Monat) haben Anspruch auf Kinderzulagen. Auch Selbst\u00e4ndigerwerbende bekommen Familienzulagen.<\/p>\n\n\n\n<p>Im Kanton Obwalden erhalten Sie f\u00fcr Kinder bis 16 Jahren eine <strong>Kinderzulage von 200 Franken pro Kind und Monat<\/strong>. F\u00fcr Kinder von 16 bis 25 Jahren, die in Ausbildung sind, steht Ihnen eine <strong>Ausbildungszulage von 250 Franken pro Kind und Monat<\/strong> zu. Damit Sie dieses Geld erhalten, m\u00fcssen Sie bei Ihrer Arbeitgeberin oder Ihrem Arbeitgeber einen Antrag auf Familienzulagen stellen.<\/p>\n\n\n\n<p>Potete trovare maggiori informazioni <strong><em><a href=\"https:\/\/www.akow.ch\/dienstleistungen\/familienzulagen\">qui<\/a><\/em><\/strong>. <\/p>\n<\/div><\/div>\n\n\n\n<p><\/p>\n\t\t\t<\/div>\n\t\t<\/div>\n\t\t\t\t<div id=\"qaef-352\" class=\"qe-faq-toggle sozialversicherungen\">\n\t\t\t<div class=\"qe-toggle-title\">\n\t\t\t\t<h4>\n\t\t\t\t\t<i class=\"fa fa-minus-circle\"><\/i> 08. Ho diritto a una riduzione del premio da parte della cassa malattia?\t\t\t\t<\/h4>\n\t\t\t<\/div>\n\t\t\t<div class=\"qe-toggle-content\">\n\t\t\t\t\n<div class=\"inherit-container-width wp-block-group is-layout-constrained wp-block-group-is-layout-constrained\"><div class=\"wp-block-group__inner-container\">\n<figure class=\"wp-block-image alignleft size-full is-resized\"><img decoding=\"async\" loading=\"lazy\" width=\"300\" height=\"203\" src=\"https:\/\/integration.ow.ch\/wp-content\/uploads\/2021\/11\/csm_F9-3_31077301_RobertKneschke_eaf992802e.jpg\" alt=\"\" class=\"wp-image-353\" style=\"width:300px;height:203px\" \/><\/figure>\n\n\n\n<p>Coloro che vivono in condizioni economiche modeste ricevono un contributo finanziario ai premi dell'assicurazione sanitaria obbligatoria - la riduzione del premio individuale.<\/p>\n\n\n\n<p>Die individuelle Pr\u00e4mienverbilligung ist die Aufgabe des kantonalen Gesundheitsamtes. Sie wird direkt an die Krankenkasse ausbezahlt.<\/p>\n\n\n\n<p>\u00c8 possibile trovare ulteriori informazioni sul sito\u00a0<em><strong><a href=\"https:\/\/www.ow.ch\/fachbereiche\/1774\" target=\"_blank\" rel=\"noreferrer noopener\"><strong>Sito web del Dipartimento della Salute<\/strong><\/a><\/strong><\/em>. <\/p>\n<\/div><\/div>\n\t\t\t<\/div>\n\t\t<\/div>\n\t\t            <\/div>\n\t\t<\/div>\n\n\n\n<p><\/p>","protected":false},"excerpt":{"rendered":"<p>Arbeit Sozialversicherungen Fragen:<\/p>","protected":false},"author":1,"featured_media":0,"parent":263,"menu_order":7,"comment_status":"closed","ping_status":"closed","template":"","meta":{"_uag_custom_page_level_css":"","site-sidebar-layout":"default","site-content-layout":"","ast-site-content-layout":"default","site-content-style":"default","site-sidebar-style":"default","ast-global-header-display":"","ast-banner-title-visibility":"","ast-main-header-display":"","ast-hfb-above-header-display":"","ast-hfb-below-header-display":"","ast-hfb-mobile-header-display":"","site-post-title":"","ast-breadcrumbs-content":"","ast-featured-img":"","footer-sml-layout":"","ast-disable-related-posts":"","theme-transparent-header-meta":"","adv-header-id-meta":"","stick-header-meta":"","header-above-stick-meta":"","header-main-stick-meta":"","header-below-stick-meta":"","astra-migrate-meta-layouts":"set","ast-page-background-enabled":"default","ast-page-background-meta":{"desktop":{"background-color":"","background-image":"","background-repeat":"repeat","background-position":"center center","background-size":"auto","background-attachment":"scroll","background-type":"","background-media":"","overlay-type":"","overlay-color":"","overlay-opacity":"","overlay-gradient":""},"tablet":{"background-color":"","background-image":"","background-repeat":"repeat","background-position":"center center","background-size":"auto","background-attachment":"scroll","background-type":"","background-media":"","overlay-type":"","overlay-color":"","overlay-opacity":"","overlay-gradient":""},"mobile":{"background-color":"","background-image":"","background-repeat":"repeat","background-position":"center center","background-size":"auto","background-attachment":"scroll","background-type":"","background-media":"","overlay-type":"","overlay-color":"","overlay-opacity":"","overlay-gradient":""}},"ast-content-background-meta":{"desktop":{"background-color":"var(--ast-global-color-5)","background-image":"","background-repeat":"repeat","background-position":"center center","background-size":"auto","background-attachment":"scroll","background-type":"","background-media":"","overlay-type":"","overlay-color":"","overlay-opacity":"","overlay-gradient":""},"tablet":{"background-color":"var(--ast-global-color-5)","background-image":"","background-repeat":"repeat","background-position":"center center","background-size":"auto","background-attachment":"scroll","background-type":"","background-media":"","overlay-type":"","overlay-color":"","overlay-opacity":"","overlay-gradient":""},"mobile":{"background-color":"var(--ast-global-color-5)","background-image":"","background-repeat":"repeat","background-position":"center center","background-size":"auto","background-attachment":"scroll","background-type":"","background-media":"","overlay-type":"","overlay-color":"","overlay-opacity":"","overlay-gradient":""}},"footnotes":""},"class_list":["post-331","page","type-page","status-publish","hentry"],"uagb_featured_image_src":{"full":false,"thumbnail":false,"medium":false,"medium_large":false,"large":false,"1536x1536":false,"2048x2048":false,"trp-custom-language-flag":false},"uagb_author_info":{"display_name":"admin","author_link":"https:\/\/integration.ow.ch\/it\/author\/inow-wpadmin\/"},"uagb_comment_info":0,"uagb_excerpt":"Arbeit Sozialversicherungen Fragen:","_links":{"self":[{"href":"https:\/\/integration.ow.ch\/it\/wp-json\/wp\/v2\/pages\/331","targetHints":{"allow":["GET"]}}],"collection":[{"href":"https:\/\/integration.ow.ch\/it\/wp-json\/wp\/v2\/pages"}],"about":[{"href":"https:\/\/integration.ow.ch\/it\/wp-json\/wp\/v2\/types\/page"}],"author":[{"embeddable":true,"href":"https:\/\/integration.ow.ch\/it\/wp-json\/wp\/v2\/users\/1"}],"replies":[{"embeddable":true,"href":"https:\/\/integration.ow.ch\/it\/wp-json\/wp\/v2\/comments?post=331"}],"version-history":[{"count":1,"href":"https:\/\/integration.ow.ch\/it\/wp-json\/wp\/v2\/pages\/331\/revisions"}],"predecessor-version":[{"id":2085,"href":"https:\/\/integration.ow.ch\/it\/wp-json\/wp\/v2\/pages\/331\/revisions\/2085"}],"up":[{"embeddable":true,"href":"https:\/\/integration.ow.ch\/it\/wp-json\/wp\/v2\/pages\/263"}],"wp:attachment":[{"href":"https:\/\/integration.ow.ch\/it\/wp-json\/wp\/v2\/media?parent=331"}],"curies":[{"name":"wp","href":"https:\/\/api.w.org\/{rel}","templated":true}]}}