{"id":644,"date":"2021-11-02T00:45:06","date_gmt":"2021-11-02T00:45:06","guid":{"rendered":"https:\/\/integration.ow.ch\/?page_id=644"},"modified":"2026-01-14T18:38:23","modified_gmt":"2026-01-14T17:38:23","slug":"freizeit","status":"publish","type":"page","link":"https:\/\/integration.ow.ch\/fr\/freizeit\/","title":{"rendered":"Loisirs"},"content":{"rendered":"<h1 class=\"wp-block-heading\">Loisirs<\/h1>\n\n\n\n<h2 class=\"wp-block-heading\">questions :<\/h2>\n\n\n\n<div class=\"wp-block-quick-and-easy-faqs-faqs-accordion-orderby-title-asc\">            <div class=\"qae-faqs-container qae-faqs-toggle-container\">\n\t\t\t\t\t\t\t<ul class=\"qe-faqs-filters-container\">\n\t\t\t\t<li class=\"active\"><a class=\"qe-faqs-filter all-faqs\" href=\"#\" data-filter=\"*\">Tout<\/a><\/li>\n\t\t\t\t<li><a class=\"qe-faqs-filter\" href=\"#Freizeit\" data-filter=\".Freizeit\">Loisirs<\/a><\/li>\t\t\t<\/ul>\n\t\t\t\t\t<div id=\"qaef-647\" class=\"qe-faq-toggle freizeit\">\n\t\t\t<div class=\"qe-toggle-title\">\n\t\t\t\t<h4>\n\t\t\t\t\t<i class=\"fa fa-minus-circle\"><\/i> 01. Was kann ich im Kanton Obwalden und in der Region unternehmen?\t\t\t\t<\/h4>\n\t\t\t<\/div>\n\t\t\t<div class=\"qe-toggle-content\">\n\t\t\t\t\n<div class=\"inherit-container-width wp-block-group is-layout-constrained wp-block-group-is-layout-constrained\"><div class=\"wp-block-group__inner-container\">\n<figure class=\"wp-block-image alignright size-full is-resized\"><img decoding=\"async\" loading=\"lazy\" width=\"500\" height=\"338\" src=\"https:\/\/integration.ow.ch\/wp-content\/uploads\/2021\/11\/F2-3_22175434_Christian-Schwier.jpg\" alt=\"\" class=\"wp-image-648\" style=\"width:375px;height:254px\" srcset=\"https:\/\/integration.ow.ch\/wp-content\/uploads\/2021\/11\/F2-3_22175434_Christian-Schwier.jpg 500w, https:\/\/integration.ow.ch\/wp-content\/uploads\/2021\/11\/F2-3_22175434_Christian-Schwier-300x203.jpg 300w\" sizes=\"auto, (max-width: 500px) 100vw, 500px\" \/><\/figure>\n\n\n\n<p>Im Kanton Obwalden gibt es f\u00fcr Jung und Alt zahlreiche spannende Orte und Aktivit\u00e4ten zu entdecken. Viele gute Ideen f\u00fcr alle vier Jahreszeiten finden Sie <strong><em><a href=\"https:\/\/www.obwalden-tourismus.ch\/de\/\">ici<\/a><\/em><\/strong>. Es gibt zudem einen <strong><em><a href=\"https:\/\/www.obwalden-tourismus.ch\/de\/bewegungs-und-begegnungsfuehrer\/\">Bewegungs- und Begegnungsf\u00fchrer<\/a><\/em><\/strong> mit Feuerstellen und Spielpl\u00e4tzen im ganzen Kanton. <\/p>\n\n\n\n<p>Le site\u00a0<a href=\"https:\/\/www.fzo.ch\/kurse\/\" target=\"_blank\" rel=\"noreferrer noopener\"><strong>Freizeitzentrum Obwalden<\/strong><\/a>\u00a0ist ein Verein, der verschiedene\u00a0Kurse und Veranstaltungen\u00a0zu\u00a0Freizeit, Lebensgestaltung und Weiterbildung\u00a0anbietet.\u00a0Mit dem\u00a0<a href=\"http:\/\/www.kulturlegi.ch\/zentralschweiz\" target=\"_blank\" rel=\"noreferrer noopener\"><em><strong>KulturLegi Suisse centrale<\/strong><\/em><\/a>\u00a0permet aux personnes \u00e0 petit budget de b\u00e9n\u00e9ficier de r\u00e9ductions sur les offres de loisirs, de sport, de culture et de formation.<\/p>\n<\/div><\/div>\n\n\n\n<p>Vous trouverez d'autres informations sur les destinations d'excursions dans le canton d'Obwald et en Suisse centrale&nbsp;<em><a rel=\"noreferrer noopener\" href=\"https:\/\/www.freizeit.ch\/regionen\/18475\/obwalden\" target=\"_blank\"><strong>ici.&nbsp;<\/strong><\/a><\/em><\/p>\n\n\n\n<p><\/p>\n\t\t\t<\/div>\n\t\t<\/div>\n\t\t\t\t<div id=\"qaef-649\" class=\"qe-faq-toggle freizeit\">\n\t\t\t<div class=\"qe-toggle-title\">\n\t\t\t\t<h4>\n\t\t\t\t\t<i class=\"fa fa-minus-circle\"><\/i> 02. Was gibt es f\u00fcr soziale und kulturelle Anl\u00e4sse?\t\t\t\t<\/h4>\n\t\t\t<\/div>\n\t\t\t<div class=\"qe-toggle-content\">\n\t\t\t\t\n<div class=\"inherit-container-width wp-block-group is-layout-constrained wp-block-group-is-layout-constrained\"><div class=\"wp-block-group__inner-container\">\n<figure class=\"wp-block-image alignleft size-full is-resized\"><img decoding=\"async\" loading=\"lazy\" width=\"500\" height=\"338\" src=\"https:\/\/integration.ow.ch\/wp-content\/uploads\/2021\/11\/F1-1_11942440_CarlosSantaMaria.jpg\" alt=\"\" class=\"wp-image-650\" style=\"width:375px;height:254px\" srcset=\"https:\/\/integration.ow.ch\/wp-content\/uploads\/2021\/11\/F1-1_11942440_CarlosSantaMaria.jpg 500w, https:\/\/integration.ow.ch\/wp-content\/uploads\/2021\/11\/F1-1_11942440_CarlosSantaMaria-300x203.jpg 300w\" sizes=\"auto, (max-width: 500px) 100vw, 500px\" \/><\/figure>\n\n\n\n<p>Pour bien s'int\u00e9grer et se sentir bien en Suisse, il est important de participer \u00e0 la vie sociale et culturelle. Dans le canton d'Obwald, il existe\u00a0<strong>de nombreux \u00e9v\u00e9nements culturels<\/strong>, die teilweise kostenlos und frei zug\u00e4nglich sind. Dazu geh\u00f6ren Konzerte, Museumsausstellungen, Vortr\u00e4ge und verschiedene Feste. <\/p>\n\n\n\n<div style=\"height:0px\" aria-hidden=\"true\" class=\"wp-block-spacer\"><\/div>\n\n\n\n<p>Die folgenden Links f\u00fchren zu verschiedenen Veranstaltungskalendern f\u00fcr den Kanton Obwalden:<\/p>\n\n\n\n<ul class=\"wp-block-list\">\n<li><a href=\"https:\/\/www.ow.ch\/anlaesseaktuelles?ort=\"><strong><em>www.ow.ch<\/em><\/strong><\/a><\/li>\n\n\n\n<li><a href=\"http:\/\/www.obwalden-tourismus.ch\/wo-ow\/veranstaltungen\/\" target=\"_blank\" rel=\"noreferrer noopener\"><strong><em>www.obwalden-tourismus.ch<\/em><\/strong><\/a><\/li>\n<\/ul>\n<\/div><\/div>\n\n\n\n<p><\/p>\n\t\t\t<\/div>\n\t\t<\/div>\n\t\t\t\t<div id=\"qaef-651\" class=\"qe-faq-toggle freizeit\">\n\t\t\t<div class=\"qe-toggle-title\">\n\t\t\t\t<h4>\n\t\t\t\t\t<i class=\"fa fa-minus-circle\"><\/i> 03. Welche Vereine gibt es und wie kann ich mich engagieren?\t\t\t\t<\/h4>\n\t\t\t<\/div>\n\t\t\t<div class=\"qe-toggle-content\">\n\t\t\t\t\n<div class=\"inherit-container-width wp-block-group is-layout-constrained wp-block-group-is-layout-constrained\"><div class=\"wp-block-group__inner-container\">\n<figure class=\"wp-block-image alignright size-full is-resized\"><img decoding=\"async\" loading=\"lazy\" width=\"500\" height=\"338\" src=\"https:\/\/integration.ow.ch\/wp-content\/uploads\/2021\/11\/F3-2_8805607_milphoto.jpg\" alt=\"\" class=\"wp-image-652\" style=\"width:375px;height:254px\" srcset=\"https:\/\/integration.ow.ch\/wp-content\/uploads\/2021\/11\/F3-2_8805607_milphoto.jpg 500w, https:\/\/integration.ow.ch\/wp-content\/uploads\/2021\/11\/F3-2_8805607_milphoto-300x203.jpg 300w\" sizes=\"auto, (max-width: 500px) 100vw, 500px\" \/><\/figure>\n\n\n\n<p>Viele Menschen engagieren sich in der Schweiz in einem Verein. F\u00fcr Sie bieten Vereine die M\u00f6glichkeit, neue Leute kennenzulernen, Ihre Sprachkenntnisse zu verbessern und sich in der Gesellschaft zu vernetzen. <\/p>\n\n\n\n<p>Vereine gibt es auf allen m\u00f6glichen Gebieten: <strong>Musik, Sport, Kultur, Natur und vieles mehr<\/strong>. Meistens bezahlt man einen Jahresbeitrag, um Mitglied zu werden und die Angebote nutzen zu k\u00f6nnen. <em><a href=\"https:\/\/www.vereinsverzeichnis.ch\/vereine-kanton\/category\/obwaldenobwalden\"><strong>Ici <\/strong><\/a><\/em>finden Sie eine \u00dcbersicht \u00fcber die verschiedenen Vereine im Kanton Obwalden. <\/p>\n\n\n\n<p>Si vous souhaitez en savoir plus sur une association, le mieux est d'appeler le num\u00e9ro de t\u00e9l\u00e9phone indiqu\u00e9.\u00a0<strong>Personne de contact<\/strong>\u00a0an oder schreiben eine E-Mail. <\/p>\n\n\n\n<p>Wenn Sie einen Verein gr\u00fcnden m\u00f6chten, finden Sie wichtige Infos auf diesen Webseiten: <\/p>\n\n\n\n<ul class=\"wp-block-list\">\n<li><a href=\"https:\/\/www.vitaminb.ch\/vereinsthemen\/gruendung\/\" target=\"_blank\" rel=\"noreferrer noopener\"><em><strong>www.vitaminb.ch<\/strong><\/em><\/a><\/li>\n\n\n\n<li><a href=\"http:\/\/www.beobachter.ch\/konsum\/freizeit\/artikel\/vereinsleben_so-vereint-man-sich\/\" target=\"_blank\" rel=\"noreferrer noopener\"><em><strong>www.beobachter.ch<\/strong><\/em><\/a><\/li>\n<\/ul>\n<\/div><\/div>\n\n\n\n<p><\/p>\n\t\t\t<\/div>\n\t\t<\/div>\n\t\t\t\t<div id=\"qaef-2200\" class=\"qe-faq-toggle freizeit\">\n\t\t\t<div class=\"qe-toggle-title\">\n\t\t\t\t<h4>\n\t\t\t\t\t<i class=\"fa fa-minus-circle\"><\/i> 04. Was gibt es f\u00fcr Freizeitangebote f\u00fcr \u00e4ltere Menschen in Obwalden?\t\t\t\t<\/h4>\n\t\t\t<\/div>\n\t\t\t<div class=\"qe-toggle-content\">\n\t\t\t\t\n<p>Hier finden Sie eine \u00dcbersicht mit verschiedenen Angeboten im Bereich Freizeit, Gemeinschaft und Bildung f\u00fcr \u00e4ltere Menschen:<\/p>\n\n\n\n<ul class=\"wp-block-list\">\n<li>Auf der Webseite der\u00a0<strong>Pro\u00a0Senectute<\/strong>\u00a0gibt es eine \u00dcbersicht mit\u00a0<a href=\"https:\/\/ow.prosenectute.ch\/de\/freizeit\/kurse.html\" target=\"_blank\" rel=\"noreferrer noopener\"><strong>Freizeitangeboten<\/strong><\/a>\u00a0(Wandern,\u00a0Sportkurse, Kochen, Singen, Spieltreff, Kurse rund um Computer, Handy, Internet, Vorsorge und Finanzen und vieles mehr).\u00a0\u00a0<\/li>\n\n\n\n<li>Sur\u00a0<a href=\"https:\/\/zeitgut-obwalden.ch\/Veranstaltungsangebote\/\" target=\"_blank\" rel=\"noreferrer noopener\"><strong>Zeitgut\u00a0Obwalden<\/strong><\/a>\u00a0finden Sie Angebote zu\u00a0Begegnung, Austausch und Gemeinschaft\u00a0(Gespr\u00e4che, Einkaufsbegleitung, Hilfe bei allt\u00e4glichen Erledigungen, Freizeitaktivit\u00e4ten).\u00a0<\/li>\n\n\n\n<li>Beim\u00a0<strong><a href=\"https:\/\/www.srk-unterwalden.ch\/dienstleistungen\/service\/besuchs-und-begleitdienst\">Besuchs- und Begleitdienst des Schweizerischen Roten Kreuzes\u00a0(SRK) Unterwalden<\/a><\/strong>\u00a0schenken\u00a0Freiwillige\u00a0ihre\u00a0Zeit und Aufmerksamkeit\u00a0\u00e4lteren Menschen. Ob bei Gespr\u00e4chen, Spielen, Spazierg\u00e4ngen oder anderen Aktivit\u00e4ten \u2013\u00a0sie\u00a0sind f\u00fcr Sie da und bringen Abwechslung in Ihren Alltag.\u00a0<\/li>\n\n\n\n<li><strong>&#171;<a href=\"https:\/\/www.alter-ow.ch\/_files\/ugd\/cfa2c5_812495b41ab743f794bda336cc12b5cd.pdf\" target=\"_blank\" rel=\"noreferrer noopener\">Z\u00e4me\u00a0en\u00a0Guete<\/a>&#171;<\/strong> bietet Gelegenheit,\u00a0beim Kochen und Essen\u00a0Kontakte zu kn\u00fcpfen \u2013 entweder in Form einer\u00a0Tavolata\u00a0(jeder und jede bringt etwas mit) oder beim gemeinsamen Kochen. <\/li>\n<\/ul>\n\n\n\n<p><\/p>\n\t\t\t<\/div>\n\t\t<\/div>\n\t\t\t\t<div id=\"qaef-655\" class=\"qe-faq-toggle freizeit\">\n\t\t\t<div class=\"qe-toggle-title\">\n\t\t\t\t<h4>\n\t\t\t\t\t<i class=\"fa fa-minus-circle\"><\/i> 05. Wo kann ich mich freiwillig engagieren?\t\t\t\t<\/h4>\n\t\t\t<\/div>\n\t\t\t<div class=\"qe-toggle-content\">\n\t\t\t\t\n<div class=\"inherit-container-width wp-block-group is-layout-constrained wp-block-group-is-layout-constrained\"><div class=\"wp-block-group__inner-container\">\n<figure class=\"wp-block-image alignright size-full is-resized\"><img decoding=\"async\" loading=\"lazy\" width=\"500\" height=\"338\" src=\"https:\/\/integration.ow.ch\/wp-content\/uploads\/2021\/11\/F7-2_17241913_alephnull.jpg\" alt=\"\" class=\"wp-image-656\" style=\"width:375px;height:254px\" srcset=\"https:\/\/integration.ow.ch\/wp-content\/uploads\/2021\/11\/F7-2_17241913_alephnull.jpg 500w, https:\/\/integration.ow.ch\/wp-content\/uploads\/2021\/11\/F7-2_17241913_alephnull-300x203.jpg 300w\" sizes=\"auto, (max-width: 500px) 100vw, 500px\" \/><\/figure>\n\n\n\n<p>Die\u00a0freiwilligen Arbeitseins\u00e4tze\u00a0werden von Vereinen, wohlt\u00e4tigen, politischen oder \u00f6ffentlichen K\u00f6rperschaften organisiert. Freiwilligenarbeit findet man in sozialen, kulturellen, kirchlichen und vielen weiteren Bereichen unserer Gesellschaft. Weitere Informationen zur Freiwilligenarbeit finden Sie\u00a0<a href=\"http:\/\/www.benevol.ch\/\" target=\"_blank\" rel=\"noreferrer noopener\"><em><strong>ici<\/strong><\/em><\/a>.<\/p>\n\n\n\n<p>Hier einige Empfehlungen zu spannenden Freiwilligeneins\u00e4tzen:<\/p>\n\n\n\n<ul class=\"wp-block-list\">\n<li><strong><em><a href=\"https:\/\/www.ow.ch\/familie\/5953\">Integrationsstelle Obwalden<\/a><\/em><\/strong><\/li>\n\n\n\n<li><strong><em><a href=\"https:\/\/www.srk-unterwalden.ch\/dienstleistungen\/integration\/eins-zu-eins\">\u00abEins zu Eins\u00bb \u2013 Schweizerisches rotes Kreuz Unterwalden<\/a><\/em><\/strong><\/li>\n\n\n\n<li><strong><em><a href=\"https:\/\/caritas-regio.ch\/aktiv-werden\/freiwilligenarbeit\">Verschiedene Projekte von Caritas<\/a><\/em><\/strong><\/li>\n\n\n\n<li><strong><em><a href=\"https:\/\/zeitgut-obwalden.ch\/\">Zeitgut Obwalden <\/a><\/em><\/strong><\/li>\n<\/ul>\n\n\n\n<p>Im Rahmen der Freiwilligenarbeit k\u00f6nnen Vereine ihren Mitgliedern ein sogenanntes <strong><em><a href=\"https:\/\/dossier-freiwillig-engagiert.ch\/\">&#171;Dossier freiwillig engagiert&#187;<\/a><\/em><\/strong> ausstellen. In diesem Dossier (auch Sozialzeitausweis genannt) werden die eigenen Arbeitseins\u00e4tze festgehalten und die erworbenen&nbsp;<strong>Aptitudes et comp\u00e9tences<\/strong>&nbsp;sichtbar gemacht<strong>.<\/strong> Dieses Dossier kann man auch bei der Stellensuche nutzen. <\/p>\n\n\n\n<p><\/p>\n<\/div><\/div>\n\t\t\t<\/div>\n\t\t<\/div>\n\t\t            <\/div>\n\t\t<\/div>","protected":false},"excerpt":{"rendered":"<p>Freizeit Fragen:<\/p>","protected":false},"author":1,"featured_media":645,"parent":0,"menu_order":22,"comment_status":"closed","ping_status":"closed","template":"","meta":{"_uag_custom_page_level_css":"","site-sidebar-layout":"","site-content-layout":"","ast-site-content-layout":"default","site-content-style":"default","site-sidebar-style":"default","ast-global-header-display":"","ast-banner-title-visibility":"","ast-main-header-display":"","ast-hfb-above-header-display":"","ast-hfb-below-header-display":"","ast-hfb-mobile-header-display":"","site-post-title":"","ast-breadcrumbs-content":"","ast-featured-img":"disabled","footer-sml-layout":"","ast-disable-related-posts":"","theme-transparent-header-meta":"","adv-header-id-meta":"","stick-header-meta":"","header-above-stick-meta":"","header-main-stick-meta":"","header-below-stick-meta":"","astra-migrate-meta-layouts":"set","ast-page-background-enabled":"default","ast-page-background-meta":{"desktop":{"background-color":"","background-image":"","background-repeat":"repeat","background-position":"center center","background-size":"auto","background-attachment":"scroll","background-type":"","background-media":"","overlay-type":"","overlay-color":"","overlay-opacity":"","overlay-gradient":""},"tablet":{"background-color":"","background-image":"","background-repeat":"repeat","background-position":"center center","background-size":"auto","background-attachment":"scroll","background-type":"","background-media":"","overlay-type":"","overlay-color":"","overlay-opacity":"","overlay-gradient":""},"mobile":{"background-color":"","background-image":"","background-repeat":"repeat","background-position":"center center","background-size":"auto","background-attachment":"scroll","background-type":"","background-media":"","overlay-type":"","overlay-color":"","overlay-opacity":"","overlay-gradient":""}},"ast-content-background-meta":{"desktop":{"background-color":"var(--ast-global-color-5)","background-image":"","background-repeat":"repeat","background-position":"center center","background-size":"auto","background-attachment":"scroll","background-type":"","background-media":"","overlay-type":"","overlay-color":"","overlay-opacity":"","overlay-gradient":""},"tablet":{"background-color":"var(--ast-global-color-5)","background-image":"","background-repeat":"repeat","background-position":"center center","background-size":"auto","background-attachment":"scroll","background-type":"","background-media":"","overlay-type":"","overlay-color":"","overlay-opacity":"","overlay-gradient":""},"mobile":{"background-color":"var(--ast-global-color-5)","background-image":"","background-repeat":"repeat","background-position":"center center","background-size":"auto","background-attachment":"scroll","background-type":"","background-media":"","overlay-type":"","overlay-color":"","overlay-opacity":"","overlay-gradient":""}},"footnotes":""},"class_list":["post-644","page","type-page","status-publish","has-post-thumbnail","hentry"],"uagb_featured_image_src":{"full":["https:\/\/integration.ow.ch\/wp-content\/uploads\/2021\/11\/F2-2_3139251_matka_Wariatka.jpg",500,338,false],"thumbnail":["https:\/\/integration.ow.ch\/wp-content\/uploads\/2021\/11\/F2-2_3139251_matka_Wariatka-150x150.jpg",150,150,true],"medium":["https:\/\/integration.ow.ch\/wp-content\/uploads\/2021\/11\/F2-2_3139251_matka_Wariatka-300x203.jpg",300,203,true],"medium_large":["https:\/\/integration.ow.ch\/wp-content\/uploads\/2021\/11\/F2-2_3139251_matka_Wariatka.jpg",500,338,false],"large":["https:\/\/integration.ow.ch\/wp-content\/uploads\/2021\/11\/F2-2_3139251_matka_Wariatka.jpg",500,338,false],"1536x1536":["https:\/\/integration.ow.ch\/wp-content\/uploads\/2021\/11\/F2-2_3139251_matka_Wariatka.jpg",500,338,false],"2048x2048":["https:\/\/integration.ow.ch\/wp-content\/uploads\/2021\/11\/F2-2_3139251_matka_Wariatka.jpg",500,338,false],"trp-custom-language-flag":["https:\/\/integration.ow.ch\/wp-content\/uploads\/2021\/11\/F2-2_3139251_matka_Wariatka.jpg",18,12,false]},"uagb_author_info":{"display_name":"admin","author_link":"https:\/\/integration.ow.ch\/fr\/author\/inow-wpadmin\/"},"uagb_comment_info":0,"uagb_excerpt":"Freizeit Fragen:","_links":{"self":[{"href":"https:\/\/integration.ow.ch\/fr\/wp-json\/wp\/v2\/pages\/644","targetHints":{"allow":["GET"]}}],"collection":[{"href":"https:\/\/integration.ow.ch\/fr\/wp-json\/wp\/v2\/pages"}],"about":[{"href":"https:\/\/integration.ow.ch\/fr\/wp-json\/wp\/v2\/types\/page"}],"author":[{"embeddable":true,"href":"https:\/\/integration.ow.ch\/fr\/wp-json\/wp\/v2\/users\/1"}],"replies":[{"embeddable":true,"href":"https:\/\/integration.ow.ch\/fr\/wp-json\/wp\/v2\/comments?post=644"}],"version-history":[{"count":1,"href":"https:\/\/integration.ow.ch\/fr\/wp-json\/wp\/v2\/pages\/644\/revisions"}],"predecessor-version":[{"id":2011,"href":"https:\/\/integration.ow.ch\/fr\/wp-json\/wp\/v2\/pages\/644\/revisions\/2011"}],"wp:featuredmedia":[{"embeddable":true,"href":"https:\/\/integration.ow.ch\/fr\/wp-json\/wp\/v2\/media\/645"}],"wp:attachment":[{"href":"https:\/\/integration.ow.ch\/fr\/wp-json\/wp\/v2\/media?parent=644"}],"curies":[{"name":"wp","href":"https:\/\/api.w.org\/{rel}","templated":true}]}}