{"id":451,"date":"2021-11-08T09:39:18","date_gmt":"2021-11-08T09:39:18","guid":{"rendered":"https:\/\/integration.ow.ch\/?page_id=451"},"modified":"2025-10-10T07:54:11","modified_gmt":"2025-10-10T05:54:11","slug":"unterstuetzung","status":"publish","type":"page","link":"https:\/\/integration.ow.ch\/fr\/schule\/unterstuetzung\/","title":{"rendered":"Soutien"},"content":{"rendered":"<h1 class=\"wp-block-heading\">\u00c9cole<\/h1>\n\n\n\n<h2 class=\"wp-block-heading\">Soutien<\/h2>\n\n\n\n<h3 class=\"wp-block-heading\">questions :<\/h3>\n\n\n\n<div class=\"wp-block-quick-and-easy-faqs-faqs-accordion-orderby-title-asc\">            <div class=\"qae-faqs-container qae-faqs-toggle-container\">\n\t\t\t\t\t\t\t<ul class=\"qe-faqs-filters-container\">\n\t\t\t\t<li class=\"active\"><a class=\"qe-faqs-filter all-faqs\" href=\"#\" data-filter=\"*\">Tout<\/a><\/li>\n\t\t\t\t<li><a class=\"qe-faqs-filter\" href=\"#Schule Unterst\u00fctzung\" data-filter=\".Schule Unterst\u00fctzung\">Soutien scolaire<\/a><\/li>\t\t\t<\/ul>\n\t\t\t\t\t<div id=\"qaef-456\" class=\"qe-faq-toggle schule-unterstuetzung\">\n\t\t\t<div class=\"qe-toggle-title\">\n\t\t\t\t<h4>\n\t\t\t\t\t<i class=\"fa fa-minus-circle\"><\/i> 01. Wer hilft meinem Kind bei den Hausaufgaben?\t\t\t\t<\/h4>\n\t\t\t<\/div>\n\t\t\t<div class=\"qe-toggle-content\">\n\t\t\t\t\n<div class=\"inherit-container-width wp-block-group is-layout-constrained wp-block-group-is-layout-constrained\"><div class=\"wp-block-group__inner-container\">\n<p>Manche Gemeinden und Schulen bieten nach den obligatorischen Schulzeiten eine <strong>aide aux devoirs encadr\u00e9e<\/strong> de l'\u00e9cole. L\u00e0, l'enfant peut faire ses devoirs sous la surveillance d'une personne qui s'occupe de lui. Il existe \u00e9galement des offres de soutien scolaire priv\u00e9. Le mieux est de vous renseigner sur l'offre aupr\u00e8s de l'enseignant de votre enfant. <br>Tipp: Vielleicht k\u00f6nnen auch Schulfreundinnen und Schulfreunde Ihres Kindes helfen. <\/p>\n\n\n\n<figure class=\"wp-block-image aligncenter size-full is-resized\"><img decoding=\"async\" loading=\"lazy\" width=\"300\" height=\"203\" src=\"https:\/\/integration.ow.ch\/wp-content\/uploads\/2021\/11\/csm_F15-1_Schule04_RogerWehrli_98e6b0448d.jpg\" alt=\"\" class=\"wp-image-457\" style=\"width:300px;height:203px\" \/><\/figure>\n<\/div><\/div>\n\t\t\t<\/div>\n\t\t<\/div>\n\t\t\t\t<div id=\"qaef-458\" class=\"qe-faq-toggle schule-unterstuetzung\">\n\t\t\t<div class=\"qe-toggle-title\">\n\t\t\t\t<h4>\n\t\t\t\t\t<i class=\"fa fa-minus-circle\"><\/i> 02. Wer betreut mein Kind \u00fcber Mittag, nach der Schule oder w\u00e4hrend den Schulferien?\t\t\t\t<\/h4>\n\t\t\t<\/div>\n\t\t\t<div class=\"qe-toggle-content\">\n\t\t\t\t\n<div class=\"inherit-container-width wp-block-group is-layout-constrained wp-block-group-is-layout-constrained\"><div class=\"wp-block-group__inner-container\">\n<figure class=\"wp-block-image alignright size-full is-resized\"><img decoding=\"async\" loading=\"lazy\" src=\"https:\/\/integration.ow.ch\/wp-content\/uploads\/2021\/11\/csm_F12-1_32004281_Monkey_Business_8f054be800.jpg\" alt=\"\" class=\"wp-image-459\" width=\"300\" height=\"203\" \/><\/figure>\n\n\n\n<p>Dans certaines communes, il existe des garderies ou des centres de jour. Les enfants y sont pris en charge en dehors du jardin d'enfants et des heures d'\u00e9cole. Les enfants peuvent \u00e9galement y prendre leur repas de midi. Certaines \u00e9coles proposent elles-m\u00eames un accueil \u00e0 midi. De telles offres sont payantes. Toutefois, les revenus sont g\u00e9n\u00e9ralement pris en compte.<\/p>\n\n\n\n<p>Pour plus d'informations, veuillez contacter\u00a0<strong><em><strong><em><strong><a href=\"https:\/\/www.ow.ch\/publikationen\/1723\" target=\"_blank\" rel=\"noreferrer noopener\"><strong>ici<\/strong><\/a><\/strong><\/em><\/strong><\/em><\/strong>.<\/p>\n\n\n\n<p>Renseignez-vous aupr\u00e8s de l'\u00e9cole ou de la garderie pour savoir quelles sont les possibilit\u00e9s pendant les vacances scolaires. Les familles de jour peuvent \u00e9galement assurer l'accueil pendant les vacances scolaires.<\/p>\n<\/div><\/div>\n\t\t\t<\/div>\n\t\t<\/div>\n\t\t\t\t<div id=\"qaef-463\" class=\"qe-faq-toggle schule-unterstuetzung\">\n\t\t\t<div class=\"qe-toggle-title\">\n\t\t\t\t<h4>\n\t\t\t\t\t<i class=\"fa fa-minus-circle\"><\/i> 03. Kann mein Kind auch ohne Aufenthaltsbewilligungen in die Schule?\t\t\t\t<\/h4>\n\t\t\t<\/div>\n\t\t\t<div class=\"qe-toggle-content\">\n\t\t\t\t\n<div class=\"inherit-container-width wp-block-group is-layout-constrained wp-block-group-is-layout-constrained\"><div class=\"wp-block-group__inner-container\">\n<figure class=\"wp-block-image alignleft size-full is-resized\"><img decoding=\"async\" loading=\"lazy\" width=\"300\" height=\"203\" src=\"https:\/\/integration.ow.ch\/wp-content\/uploads\/2021\/11\/csm_F17-1_25929248_ChristianSchwier_b6e1557791.jpg\" alt=\"\" class=\"wp-image-464\" \/><\/figure>\n\n\n\n<p>\u00d6ffentliche Schulen m\u00fcssen alle in der Schweiz lebenden Kinder unabh\u00e4ngig von ihrem Aufenthaltsstatus einschulen. Das gilt also auch f\u00fcr Sans-Papiers-Kinder bis zum Ende der Schulpflicht (9. Schuljahr). Schule und Lehrpersonen d\u00fcrfen Daten \u00fcber Kinder, ihre Familien und ihren Aufenthaltsstatus nicht an die Polizei weitergeben.<\/p>\n\n\n\n<p>Zus\u00e4tzliche Informationen und Adressen von spezialisierten Beratungsstellen finden sich <strong><em><a href=\"https:\/\/www.sans-papiers.ch\/de\">ici<\/a><\/em><\/strong>. <\/p>\n<\/div><\/div>\n\n\n\n<p><\/p>\n\t\t\t<\/div>\n\t\t<\/div>\n\t\t\t\t<div id=\"qaef-465\" class=\"qe-faq-toggle schule-unterstuetzung\">\n\t\t\t<div class=\"qe-toggle-title\">\n\t\t\t\t<h4>\n\t\t\t\t\t<i class=\"fa fa-minus-circle\"><\/i> 05. Gibt es zus\u00e4tzliche Hilfe bei besonderen Schwierigkeiten?\t\t\t\t<\/h4>\n\t\t\t<\/div>\n\t\t\t<div class=\"qe-toggle-content\">\n\t\t\t\t\n<div class=\"inherit-container-width wp-block-group is-layout-constrained wp-block-group-is-layout-constrained\"><div class=\"wp-block-group__inner-container\">\n<p>Wenn Kinder besondere Schwierigkeiten haben, ist es wichtig, dass sie Hilfe bekommen. F\u00fcr verschiedene Probleme gibt es kostenlose Unterst\u00fctzung: <\/p>\n\n\n\n<ul class=\"wp-block-list\">\n<li>Wenn das Kind Probleme beim Sprechen hat, kann eine Fachperson in\u00a0<strong>Logop\u00e9die<\/strong>\u00a0helfen. <\/li>\n\n\n\n<li>Bei Problemen beim Lesen und Schreiben hilft eine\u00a0<strong>Dyslexie<\/strong>-Therapie. <\/li>\n\n\n\n<li>Eine Therapie in\u00a0<strong>Psychomotricit\u00e9\u00a0<\/strong>unterst\u00fctzt zum Beispiel bei Problemen beim Bewegen. <\/li>\n\n\n\n<li>Le site <strong>integrative F\u00f6rderunterricht\u00a0<\/strong>kann bei Problemen beim Lernen hilfreich sein.<\/li>\n<\/ul>\n\n\n\n<p>L'enseignant(e) de votre enfant se fera un plaisir de r\u00e9pondre \u00e0 vos questions.<\/p>\n\n\n\n<figure class=\"wp-block-image aligncenter size-full is-resized\"><img decoding=\"async\" loading=\"lazy\" width=\"300\" height=\"203\" src=\"https:\/\/integration.ow.ch\/wp-content\/uploads\/2021\/11\/csm_F19-3_21334602_IuriiSokolov_707ed66d13.jpg\" alt=\"\" class=\"wp-image-466\" style=\"width:300px;height:203px\" \/><\/figure>\n<\/div><\/div>\n\n\n\n<p><\/p>\n\t\t\t<\/div>\n\t\t<\/div>\n\t\t            <\/div>\n\t\t<\/div>","protected":false},"excerpt":{"rendered":"<p>Schule Unterst\u00fctzung Fragen:<\/p>","protected":false},"author":1,"featured_media":0,"parent":293,"menu_order":14,"comment_status":"closed","ping_status":"closed","template":"","meta":{"_uag_custom_page_level_css":"","site-sidebar-layout":"default","site-content-layout":"","ast-site-content-layout":"default","site-content-style":"default","site-sidebar-style":"default","ast-global-header-display":"","ast-banner-title-visibility":"","ast-main-header-display":"","ast-hfb-above-header-display":"","ast-hfb-below-header-display":"","ast-hfb-mobile-header-display":"","site-post-title":"","ast-breadcrumbs-content":"","ast-featured-img":"","footer-sml-layout":"","ast-disable-related-posts":"","theme-transparent-header-meta":"","adv-header-id-meta":"","stick-header-meta":"","header-above-stick-meta":"","header-main-stick-meta":"","header-below-stick-meta":"","astra-migrate-meta-layouts":"set","ast-page-background-enabled":"default","ast-page-background-meta":{"desktop":{"background-color":"","background-image":"","background-repeat":"repeat","background-position":"center center","background-size":"auto","background-attachment":"scroll","background-type":"","background-media":"","overlay-type":"","overlay-color":"","overlay-opacity":"","overlay-gradient":""},"tablet":{"background-color":"","background-image":"","background-repeat":"repeat","background-position":"center center","background-size":"auto","background-attachment":"scroll","background-type":"","background-media":"","overlay-type":"","overlay-color":"","overlay-opacity":"","overlay-gradient":""},"mobile":{"background-color":"","background-image":"","background-repeat":"repeat","background-position":"center center","background-size":"auto","background-attachment":"scroll","background-type":"","background-media":"","overlay-type":"","overlay-color":"","overlay-opacity":"","overlay-gradient":""}},"ast-content-background-meta":{"desktop":{"background-color":"var(--ast-global-color-5)","background-image":"","background-repeat":"repeat","background-position":"center center","background-size":"auto","background-attachment":"scroll","background-type":"","background-media":"","overlay-type":"","overlay-color":"","overlay-opacity":"","overlay-gradient":""},"tablet":{"background-color":"var(--ast-global-color-5)","background-image":"","background-repeat":"repeat","background-position":"center center","background-size":"auto","background-attachment":"scroll","background-type":"","background-media":"","overlay-type":"","overlay-color":"","overlay-opacity":"","overlay-gradient":""},"mobile":{"background-color":"var(--ast-global-color-5)","background-image":"","background-repeat":"repeat","background-position":"center center","background-size":"auto","background-attachment":"scroll","background-type":"","background-media":"","overlay-type":"","overlay-color":"","overlay-opacity":"","overlay-gradient":""}},"footnotes":""},"class_list":["post-451","page","type-page","status-publish","hentry"],"uagb_featured_image_src":{"full":false,"thumbnail":false,"medium":false,"medium_large":false,"large":false,"1536x1536":false,"2048x2048":false,"trp-custom-language-flag":false},"uagb_author_info":{"display_name":"admin","author_link":"https:\/\/integration.ow.ch\/fr\/author\/inow-wpadmin\/"},"uagb_comment_info":0,"uagb_excerpt":"Schule Unterst\u00fctzung Fragen:","_links":{"self":[{"href":"https:\/\/integration.ow.ch\/fr\/wp-json\/wp\/v2\/pages\/451","targetHints":{"allow":["GET"]}}],"collection":[{"href":"https:\/\/integration.ow.ch\/fr\/wp-json\/wp\/v2\/pages"}],"about":[{"href":"https:\/\/integration.ow.ch\/fr\/wp-json\/wp\/v2\/types\/page"}],"author":[{"embeddable":true,"href":"https:\/\/integration.ow.ch\/fr\/wp-json\/wp\/v2\/users\/1"}],"replies":[{"embeddable":true,"href":"https:\/\/integration.ow.ch\/fr\/wp-json\/wp\/v2\/comments?post=451"}],"version-history":[{"count":1,"href":"https:\/\/integration.ow.ch\/fr\/wp-json\/wp\/v2\/pages\/451\/revisions"}],"predecessor-version":[{"id":2063,"href":"https:\/\/integration.ow.ch\/fr\/wp-json\/wp\/v2\/pages\/451\/revisions\/2063"}],"up":[{"embeddable":true,"href":"https:\/\/integration.ow.ch\/fr\/wp-json\/wp\/v2\/pages\/293"}],"wp:attachment":[{"href":"https:\/\/integration.ow.ch\/fr\/wp-json\/wp\/v2\/media?parent=451"}],"curies":[{"name":"wp","href":"https:\/\/api.w.org\/{rel}","templated":true}]}}