{"id":481,"date":"2021-11-08T10:10:16","date_gmt":"2021-11-08T10:10:16","guid":{"rendered":"https:\/\/integration.ow.ch\/?page_id=481"},"modified":"2025-10-09T16:57:35","modified_gmt":"2025-10-09T14:57:35","slug":"elternrolle","status":"publish","type":"page","link":"https:\/\/integration.ow.ch\/es\/schule\/elternrolle\/","title":{"rendered":"Elternrolle"},"content":{"rendered":"<h1 class=\"wp-block-heading\">Escuela<\/h1>\n\n\n\n<h2 class=\"wp-block-heading\">Elternrolle <\/h2>\n\n\n\n<h3 class=\"wp-block-heading\">Preguntas:<\/h3>\n\n\n\n<div class=\"wp-block-quick-and-easy-faqs-faqs-accordion-orderby-title-asc\">            <div class=\"qae-faqs-container qae-faqs-toggle-container\">\n\t\t\t\t\t\t\t<ul class=\"qe-faqs-filters-container\">\n\t\t\t\t<li class=\"active\"><a class=\"qe-faqs-filter all-faqs\" href=\"#\" data-filter=\"*\">Todo<\/a><\/li>\n\t\t\t\t<li><a class=\"qe-faqs-filter\" href=\"#Elternrolle\" data-filter=\".Elternrolle\">Elternrolle<\/a><\/li>\t\t\t<\/ul>\n\t\t\t\t\t<div id=\"qaef-444\" class=\"qe-faq-toggle elternrolle\">\n\t\t\t<div class=\"qe-toggle-title\">\n\t\t\t\t<h4>\n\t\t\t\t\t<i class=\"fa fa-minus-circle\"><\/i> 01. Welche Rechte und Pflichten haben Eltern?\t\t\t\t<\/h4>\n\t\t\t<\/div>\n\t\t\t<div class=\"qe-toggle-content\">\n\t\t\t\t\n<p>Die Lehrperson informiert die Eltern \u00fcber die Leistungen und das Verhalten ihres Kindes in der Schule. Sie als Eltern haben das <strong>Recht auf\u00a0Mitsprache<\/strong>. Gegen Entscheide der lokalen Schulbeh\u00f6rde \u00fcber die Zuteilung Ihres Kindes zu einem bestimmten Schultypus k\u00f6nnen Sie Rekurs einlegen. Zudem d\u00fcrfen Eltern Schulbesuche machen. Melden Sie sich daf\u00fcr vorher bei der Lehrperson.<\/p>\n\n\n\n<figure class=\"wp-block-image alignright size-full\"><img decoding=\"async\" loading=\"lazy\" width=\"300\" height=\"203\" src=\"https:\/\/integration.ow.ch\/wp-content\/uploads\/2021\/11\/image.png\" alt=\"\" class=\"wp-image-2178\" srcset=\"https:\/\/integration.ow.ch\/wp-content\/uploads\/2021\/11\/image.png 300w, https:\/\/integration.ow.ch\/wp-content\/uploads\/2021\/11\/image-18x12.png 18w\" sizes=\"auto, (max-width: 300px) 100vw, 300px\" \/><\/figure>\n\n\n\n<p>Sie als Eltern haben die <strong>Pflicht<\/strong> daf\u00fcr zu sorgen, dass Ihre Kinder\u00a0<strong>p\u00fcnktlich <\/strong>zur Schule\u00a0gehen und dass sie zu Hause einen\u00a0ruhigen Platz f\u00fcr die Hausaufgaben und zum lernen\u00a0haben. Achten Sie auch darauf, dass die Kinder\u00a0<strong>dormir lo suficiente<\/strong>\u00a0y por la ma\u00f1ana antes de la escuela\u00a0<strong>desayuno.<\/strong>\u00a0<br>Wenn die Kinder krank sind, d\u00fcrfen Sie nicht in die Schule und m\u00fcssen abgemeldet werden. Tun Sie dies direkt bei der Lehrperson.<\/p>\n\n\n\n<p><\/p>\n\t\t\t<\/div>\n\t\t<\/div>\n\t\t\t\t<div id=\"qaef-2179\" class=\"qe-faq-toggle elternrolle\">\n\t\t\t<div class=\"qe-toggle-title\">\n\t\t\t\t<h4>\n\t\t\t\t\t<i class=\"fa fa-minus-circle\"><\/i> 02. Was sind Elternabende und Elterngespr\u00e4che?\t\t\t\t<\/h4>\n\t\t\t<\/div>\n\t\t\t<div class=\"qe-toggle-content\">\n\t\t\t\t\n<p>Elternabende und Elterngespr\u00e4che sind zur Kommunikation zwischen Eltern und Lehrpersonen genutzt: <\/p>\n\n\n\n<ul class=\"wp-block-list\">\n<li>An <strong>Elterngespr\u00e4chen<\/strong> erfahren Sie mehr dar\u00fcber, wie sich Ihr Kind in der Schule verh\u00e4lt und wie es vorw\u00e4rtskommt. <\/li>\n\n\n\n<li>An <strong>Elternabenden<\/strong> informiert die Lehrperson \u00fcber das Programm der n\u00e4chsten Zeit, \u00fcber die Inhalte des Unterrichts und \u00fcber die Organisation der Schule.<\/li>\n<\/ul>\n\n\n\n<p>En Suiza se hace mucho hincapi\u00e9 en la comunicaci\u00f3n y la cooperaci\u00f3n entre profesores y padres. Por lo tanto, es importante que\u00a0<strong>Contacte con<\/strong>\u00a0zur Lehrperson halten und an diesen Elterngespr\u00e4chen und Elternabenden teilnehmen. <\/p>\n\t\t\t<\/div>\n\t\t<\/div>\n\t\t\t\t<div id=\"qaef-435\" class=\"qe-faq-toggle elternrolle\">\n\t\t\t<div class=\"qe-toggle-title\">\n\t\t\t\t<h4>\n\t\t\t\t\t<i class=\"fa fa-minus-circle\"><\/i> 03. Muss ich mein Kind f\u00fcr den Kindergarten oder die Schule anmelden?\t\t\t\t<\/h4>\n\t\t\t<\/div>\n\t\t\t<div class=\"qe-toggle-content\">\n\t\t\t\t\n<div class=\"wp-block-group is-layout-flow wp-block-group-is-layout-flow\"><div class=\"wp-block-group__inner-container\">\n<figure class=\"wp-block-image alignleft size-full is-resized\"><img decoding=\"async\" loading=\"lazy\" width=\"300\" height=\"203\" src=\"https:\/\/integration.ow.ch\/wp-content\/uploads\/2021\/11\/csm_F2-1_Schule01_RogerWerhli_0848f1480b-1.jpg\" alt=\"\" class=\"wp-image-436\" \/><\/figure>\n\n\n\n<p>Wenn Sie Ihr Kind auf der Gemeinde anmelden, wird Ihr Kind automatisch auch auf dem Einwohneramt registriert. Sie erhalten von der Schulverwaltung Ihrer Wohngemeinde rechtzeitig einen Brief, dass Sie Ihr Kind f\u00fcr die Schule anmelden m\u00fcssen. Die Gemeinde informiert Sie dar\u00fcber, welchen Kindergarten oder welche Schule Ihr Kind besuchen wird.<\/p>\n<\/div><\/div>\n\t\t\t<\/div>\n\t\t<\/div>\n\t\t\t\t<div id=\"qaef-421\" class=\"qe-faq-toggle elternrolle\">\n\t\t\t<div class=\"qe-toggle-title\">\n\t\t\t\t<h4>\n\t\t\t\t\t<i class=\"fa fa-minus-circle\"><\/i> 04. \u00bfC\u00f3mo puedo ayudar a mi hijo desde peque\u00f1o y prepararlo para la escuela?\t\t\t\t<\/h4>\n\t\t\t<\/div>\n\t\t\t<div class=\"qe-toggle-content\">\n\t\t\t\t\n<div class=\"inherit-container-width wp-block-group is-layout-constrained wp-block-group-is-layout-constrained\"><div class=\"wp-block-group__inner-container\">\n<p>Daf\u00fcr gibt es im Kanton Obwalden verschiedene Angebote. <strong><em><a href=\"https:\/\/www.ow.ch\/dienstleistungen\/7693\">Aqu\u00ed<\/a><\/em><\/strong> finden Sie einen \u00dcberblick \u00fcber alle ausserschulischen Betreuungsangebote wie KiTa oder Spielgruppen.<\/p>\n\n\n\n<ul class=\"wp-block-list\">\n<li><strong>Playgroup plus: <\/strong>Gewisse Spielgruppen im Kanton Obwalden bieten eine interne Sprachf\u00f6rderung der Kinder an. Informieren Sie sich direkt bei der betreffenden Spielgruppe oder bei Basil Allemann, E-Mail: <a href=\"mailto:basil.allemann@ow.ch\">basil.allemann@ow.ch<\/a>, Tel.: <a href=\"tel:+41416666157\">+41 41 666 61 57<\/a><\/li>\n\n\n\n<li><strong>KiTas:<\/strong> Kinder Tagesst\u00e4tten sind Orte, an denen Ihr Kind mit gleichaltrigen in Kontakt kommt und so die Sprache und das gemeinsame Spielen lernen kann.<\/li>\n\n\n\n<li><strong>Curso de preparaci\u00f3n para el jard\u00edn de infancia<\/strong>e: Diese Kurse bereiten Eltern und Kinder f\u00fcr den erfolgreichen Start in den Kindergarten vor.<\/li>\n<\/ul>\n\n\n\n<figure class=\"wp-block-image alignright size-full is-resized\"><img decoding=\"async\" loading=\"lazy\" width=\"300\" height=\"203\" src=\"https:\/\/integration.ow.ch\/wp-content\/uploads\/2021\/11\/csm_F4-2_Ludothek02_Grafikbar_47f713f052.jpg\" alt=\"\" class=\"wp-image-422\" style=\"width:300px;height:203px\" \/><\/figure>\n\n\n\n<p>Es bestehen zus\u00e4tzlich verschiedene Beratungsangebote, die Ihnen bei Fragen rund um die F\u00f6rderung Ihres Kindes helfen k\u00f6nnen: <\/p>\n\n\n\n<ul class=\"wp-block-list\">\n<li><a href=\"https:\/\/www.ow.ch\/fachbereiche\/1667\"><strong><em>Asesoramiento familiar<\/em><\/strong><\/a>: <br>Kontakt: E-mail: <a href=\"mailto:jugend-familienberatung@ow.ch\">jugend-familienberatung@ow.ch<\/a>, Tel.: <a href=\"tel:41416666256\">+41 41 666 62 56<\/a><\/li>\n\n\n\n<li><a href=\"https:\/\/www.ow.ch\/fachbereiche\/1661\"><strong><em>Apoyo familiar<\/em><\/strong><\/a><br>Kontakt: E-Mail: <a href=\"mailto:familienfoerderung@ow.ch\">familienfoerderung@ow.ch<\/a>, Tel.: <a href=\"tel:41416666711\">+41 41 666 67 11<\/a><\/li>\n<\/ul>\n<\/div><\/div>\n\n\n\n<p><\/p>\n\t\t\t<\/div>\n\t\t<\/div>\n\t\t            <\/div>\n\t\t<\/div>\n\n\n\n<p><\/p>","protected":false},"excerpt":{"rendered":"<p>Schule Elternrolle Fragen:<\/p>","protected":false},"author":1,"featured_media":0,"parent":293,"menu_order":16,"comment_status":"closed","ping_status":"closed","template":"","meta":{"_uag_custom_page_level_css":"","site-sidebar-layout":"default","site-content-layout":"","ast-site-content-layout":"default","site-content-style":"default","site-sidebar-style":"default","ast-global-header-display":"","ast-banner-title-visibility":"","ast-main-header-display":"","ast-hfb-above-header-display":"","ast-hfb-below-header-display":"","ast-hfb-mobile-header-display":"","site-post-title":"disabled","ast-breadcrumbs-content":"","ast-featured-img":"","footer-sml-layout":"","ast-disable-related-posts":"","theme-transparent-header-meta":"","adv-header-id-meta":"","stick-header-meta":"","header-above-stick-meta":"","header-main-stick-meta":"","header-below-stick-meta":"","astra-migrate-meta-layouts":"set","ast-page-background-enabled":"default","ast-page-background-meta":{"desktop":{"background-color":"","background-image":"","background-repeat":"repeat","background-position":"center center","background-size":"auto","background-attachment":"scroll","background-type":"","background-media":"","overlay-type":"","overlay-color":"","overlay-opacity":"","overlay-gradient":""},"tablet":{"background-color":"","background-image":"","background-repeat":"repeat","background-position":"center center","background-size":"auto","background-attachment":"scroll","background-type":"","background-media":"","overlay-type":"","overlay-color":"","overlay-opacity":"","overlay-gradient":""},"mobile":{"background-color":"","background-image":"","background-repeat":"repeat","background-position":"center center","background-size":"auto","background-attachment":"scroll","background-type":"","background-media":"","overlay-type":"","overlay-color":"","overlay-opacity":"","overlay-gradient":""}},"ast-content-background-meta":{"desktop":{"background-color":"var(--ast-global-color-5)","background-image":"","background-repeat":"repeat","background-position":"center center","background-size":"auto","background-attachment":"scroll","background-type":"","background-media":"","overlay-type":"","overlay-color":"","overlay-opacity":"","overlay-gradient":""},"tablet":{"background-color":"var(--ast-global-color-5)","background-image":"","background-repeat":"repeat","background-position":"center center","background-size":"auto","background-attachment":"scroll","background-type":"","background-media":"","overlay-type":"","overlay-color":"","overlay-opacity":"","overlay-gradient":""},"mobile":{"background-color":"var(--ast-global-color-5)","background-image":"","background-repeat":"repeat","background-position":"center center","background-size":"auto","background-attachment":"scroll","background-type":"","background-media":"","overlay-type":"","overlay-color":"","overlay-opacity":"","overlay-gradient":""}},"footnotes":""},"class_list":["post-481","page","type-page","status-publish","hentry"],"uagb_featured_image_src":{"full":false,"thumbnail":false,"medium":false,"medium_large":false,"large":false,"1536x1536":false,"2048x2048":false,"trp-custom-language-flag":false},"uagb_author_info":{"display_name":"admin","author_link":"https:\/\/integration.ow.ch\/es\/author\/inow-wpadmin\/"},"uagb_comment_info":0,"uagb_excerpt":"Schule Elternrolle Fragen:","_links":{"self":[{"href":"https:\/\/integration.ow.ch\/es\/wp-json\/wp\/v2\/pages\/481","targetHints":{"allow":["GET"]}}],"collection":[{"href":"https:\/\/integration.ow.ch\/es\/wp-json\/wp\/v2\/pages"}],"about":[{"href":"https:\/\/integration.ow.ch\/es\/wp-json\/wp\/v2\/types\/page"}],"author":[{"embeddable":true,"href":"https:\/\/integration.ow.ch\/es\/wp-json\/wp\/v2\/users\/1"}],"replies":[{"embeddable":true,"href":"https:\/\/integration.ow.ch\/es\/wp-json\/wp\/v2\/comments?post=481"}],"version-history":[{"count":2,"href":"https:\/\/integration.ow.ch\/es\/wp-json\/wp\/v2\/pages\/481\/revisions"}],"predecessor-version":[{"id":2173,"href":"https:\/\/integration.ow.ch\/es\/wp-json\/wp\/v2\/pages\/481\/revisions\/2173"}],"up":[{"embeddable":true,"href":"https:\/\/integration.ow.ch\/es\/wp-json\/wp\/v2\/pages\/293"}],"wp:attachment":[{"href":"https:\/\/integration.ow.ch\/es\/wp-json\/wp\/v2\/media?parent=481"}],"curies":[{"name":"wp","href":"https:\/\/api.w.org\/{rel}","templated":true}]}}