{"id":376,"date":"2021-11-08T08:30:01","date_gmt":"2021-11-08T08:30:01","guid":{"rendered":"https:\/\/integration.ow.ch\/?page_id=376"},"modified":"2025-10-09T14:46:15","modified_gmt":"2025-10-09T12:46:15","slug":"einbuergerung","status":"publish","type":"page","link":"https:\/\/integration.ow.ch\/es\/aufenthaltsbewilligung-familiennachzug\/einbuergerung\/","title":{"rendered":"Naturalizaci\u00f3n"},"content":{"rendered":"<h1 class=\"wp-block-heading\">Permiso de residencia<\/h1>\n\n\n\n<h2 class=\"wp-block-heading\">Naturalizaci\u00f3n<\/h2>\n\n\n\n<h3 class=\"wp-block-heading\">Preguntas:<\/h3>\n\n\n\n<div class=\"wp-block-quick-and-easy-faqs-faqs-accordion-orderby-title-asc\">            <div class=\"qae-faqs-container qae-faqs-toggle-container\">\n\t\t\t\t\t\t\t<ul class=\"qe-faqs-filters-container\">\n\t\t\t\t<li class=\"active\"><a class=\"qe-faqs-filter all-faqs\" href=\"#\" data-filter=\"*\">Todo<\/a><\/li>\n\t\t\t\t<li><a class=\"qe-faqs-filter\" href=\"#Einb\u00fcrgerung\" data-filter=\".Einb\u00fcrgerung\">Naturalizaci\u00f3n<\/a><\/li>\t\t\t<\/ul>\n\t\t\t\t\t<div id=\"qaef-380\" class=\"qe-faq-toggle einbuergerung\">\n\t\t\t<div class=\"qe-toggle-title\">\n\t\t\t\t<h4>\n\t\t\t\t\t<i class=\"fa fa-minus-circle\"><\/i> 01 \u00bfQu\u00e9 hace falta para ser suizo?\t\t\t\t<\/h4>\n\t\t\t<\/div>\n\t\t\t<div class=\"qe-toggle-content\">\n\t\t\t\t\n<p>Para los extranjeros en Suiza, es posible obtener el\u00a0<strong>Ciudadan\u00eda suiza<\/strong>\u00a0durch ordentliche Einb\u00fcrgerung zu erwerben. Ihre erste Anlaufstelle daf\u00fcr ist Ihre Wohngemeinde. Dort erhalten Sie alle Informationen und die notwendigen Formulare. <br>Personen, die sich einb\u00fcrgern lassen wollen, m\u00fcssen im Kanton Obwalden verschiedene Voraussetzungen erf\u00fcllen. Dazu geh\u00f6ren beispielsweise Sprachkenntnisse in Deutsch, eine Eingliederung in obwaldnerische Verh\u00e4ltnisse oder die Pr\u00fcfung \u00fcber staatsb\u00fcrgerliche Grundkenntnisse. <\/p>\n\n\n\n<p><strong><em><a href=\"https:\/\/www.ow.ch\/publikationen\/597\">Aqu\u00ed<\/a> <\/em><\/strong>encontrar\u00e1 la hoja informativa del Cant\u00f3n de Obwalden con toda la informaci\u00f3n importante. <\/p>\n\t\t\t<\/div>\n\t\t<\/div>\n\t\t\t\t<div id=\"qaef-381\" class=\"qe-faq-toggle einbuergerung\">\n\t\t\t<div class=\"qe-toggle-title\">\n\t\t\t\t<h4>\n\t\t\t\t\t<i class=\"fa fa-minus-circle\"><\/i> 02. Welche Bedeutung hat das B\u00fcrgerrecht?\t\t\t\t<\/h4>\n\t\t\t<\/div>\n\t\t\t<div class=\"qe-toggle-content\">\n\t\t\t\t\n<p>Bei erfolgreicher Einb\u00fcrgerung erwerben Sie automatisch das B\u00fcrgerrecht. Dieses bringt verschiedene Rechte und Pflichten mit sich. <\/p>\n\n\n\n<p><strong>A la derecha<\/strong><\/p>\n\n\n\n<ul class=\"wp-block-list\">\n<li>Derechos pol\u00edticos (por ejemplo, derechos de voto y electorales)<\/li>\n\n\n\n<li>Prohibici\u00f3n de extradici\u00f3n y deportaci\u00f3n<\/li>\n\n\n\n<li>Derecho a la protecci\u00f3n diplom\u00e1tica en el extranjero<\/li>\n<\/ul>\n\n\n\n<p><strong>Funciones:<\/strong><\/p>\n\n\n\n<ul class=\"wp-block-list\">\n<li>Conscripci\u00f3n universal<\/li>\n\n\n\n<li>Prohibici\u00f3n del servicio militar en el extranjero<\/li>\n<\/ul>\n\n\n\n<p>Weitere Informationen zu den B\u00fcrgerrechten finden Sie <strong><em><a href=\"https:\/\/integration.ow.ch\/es\/schweiz\/politik\/\">aqu\u00ed<\/a><\/em><\/strong>. <\/p>\n\t\t\t<\/div>\n\t\t<\/div>\n\t\t\t\t<div id=\"qaef-382\" class=\"qe-faq-toggle einbuergerung\">\n\t\t\t<div class=\"qe-toggle-title\">\n\t\t\t\t<h4>\n\t\t\t\t\t<i class=\"fa fa-minus-circle\"><\/i> 03. Was ist die Pr\u00fcfung \u00fcber die staatsb\u00fcrgerlichen Grundkenntnisse?\t\t\t\t<\/h4>\n\t\t\t<\/div>\n\t\t\t<div class=\"qe-toggle-content\">\n\t\t\t\t\n<div class=\"inherit-container-width wp-block-group is-layout-constrained wp-block-group-is-layout-constrained\"><div class=\"wp-block-group__inner-container\">\n<figure class=\"wp-block-image alignright size-full is-resized\"><img decoding=\"async\" loading=\"lazy\" width=\"300\" height=\"203\" src=\"https:\/\/integration.ow.ch\/wp-content\/uploads\/2021\/11\/csm_F2-1_165625_PaulusNugrohoR_f7ca1a0e28.jpg\" alt=\"\" class=\"wp-image-383\" style=\"width:300px;height:203px\" \/><\/figure>\n\n\n\n<p>Bevor Sie das Gesuch um Einb\u00fcrgerung einreichen, m\u00fcssen Sie eine <strong>schriftliche Pr\u00fcfung<\/strong> zu staatsb\u00fcrgerlichen Grundkenntnissen absolvieren. Die Best\u00e4tigung \u00fcber die bestandene Pr\u00fcfung muss mit dem Gesuch eingereicht werden.<\/p>\n\n\n\n<p>El <strong>Berufs- und Weiterbildungszentrum BWZ<\/strong> in Sarnen bietet Kurse zur Vorbereitung auf die Pr\u00fcfung \u00fcber die staatsb\u00fcrgerlichen Grundkenntnisse an. Es wird empfohlen, diesen Kurs zu besuchen, wenn Sie die Pr\u00fcfung zu staatsb\u00fcrgerlichen Grundkenntnissen absolvieren m\u00f6chten. Die Pr\u00fcfung selbst k\u00f6nnen Sie ebenfalls beim BWZ ablegen. <\/p>\n\n\n\n<p>Die detaillierte Kursbeschreibung sowie Informationen zu den Kosten finden Sie\u00a0<a href=\"http:\/\/weiterbildung.bwz-ow.ch\/kurse\/staatsbuergerliche-grundkenntnisse-26\" target=\"_blank\" rel=\"noreferrer noopener\"><em><strong>aqu\u00ed<\/strong><\/em><\/a>.<\/p>\n<\/div><\/div>\n\t\t\t<\/div>\n\t\t<\/div>\n\t\t\t\t<div id=\"qaef-384\" class=\"qe-faq-toggle einbuergerung\">\n\t\t\t<div class=\"qe-toggle-title\">\n\t\t\t\t<h4>\n\t\t\t\t\t<i class=\"fa fa-minus-circle\"><\/i> 04 \u00bfQu\u00e9 autoridades intervienen en el procedimiento de naturalizaci\u00f3n?\t\t\t\t<\/h4>\n\t\t\t<\/div>\n\t\t\t<div class=\"qe-toggle-content\">\n\t\t\t\t\n<div class=\"inherit-container-width wp-block-group is-layout-constrained wp-block-group-is-layout-constrained\"><div class=\"wp-block-group__inner-container\">\n<p>El <strong>erste Anlaufstelle<\/strong> f\u00fcr die Einb\u00fcrgerung ist Ihre <strong>Municipio de residencia. <\/strong>Dort erhalten Sie alle Informationen und die notwendigen Formulare. Reichen Sie danach das Einb\u00fcrgerungsgesuch auf dem offiziellen Formular und mit allen notwendigen Unterlagen beim Einwohnergemeinderat (bzw. B\u00fcrgergemeinderat) Ihres Wohnorts ein.<\/p>\n\n\n\n<figure class=\"wp-block-image alignleft size-full is-resized\"><img decoding=\"async\" loading=\"lazy\" width=\"500\" height=\"338\" src=\"https:\/\/integration.ow.ch\/wp-content\/uploads\/2021\/11\/F2-1_Schalter_RogerWehrli.jpg\" alt=\"\" class=\"wp-image-385\" style=\"width:375px;height:254px\" srcset=\"https:\/\/integration.ow.ch\/wp-content\/uploads\/2021\/11\/F2-1_Schalter_RogerWehrli.jpg 500w, https:\/\/integration.ow.ch\/wp-content\/uploads\/2021\/11\/F2-1_Schalter_RogerWehrli-300x203.jpg 300w\" sizes=\"auto, (max-width: 500px) 100vw, 500px\" \/><\/figure>\n\n\n\n<p>Informationen zu den verschiedenen Einb\u00fcrgerungsverfahren finden Sie auf der&nbsp;<a href=\"https:\/\/www.sem.admin.ch\/sem\/de\/home\/themen\/buergerrecht\/einbuergerung.html\" target=\"_blank\" rel=\"noreferrer noopener\"><em><strong>P\u00e1gina web de la Secretar\u00eda de Estado de Migraciones<\/strong><\/em><\/a>. Man unterscheidet zwischen zwei Arten: <\/p>\n\n\n\n<ul class=\"wp-block-list\">\n<li>F\u00fcr <strong>erleichterte Einb\u00fcrgerungen<\/strong> ist der Bund zust\u00e4ndig. <\/li>\n\n\n\n<li>F\u00fcr <strong>ordentliche Einb\u00fcrgerungen<\/strong> sind die Gemeinden, die Kantone und der Bund zust\u00e4ndig. <\/li>\n<\/ul>\n\n\n\n<p>Tambi\u00e9n puede encontrar m\u00e1s informaci\u00f3n sobre el tema de la naturalizaci\u00f3n&nbsp;<em><strong><a href=\"https:\/\/www.ch.ch\/de\/auslander-in-der-schweiz\/einburgerung\/\">aqu\u00ed<\/a><\/strong><\/em>.<\/p>\n<\/div><\/div>\n\n\n\n<p><\/p>\n\t\t\t<\/div>\n\t\t<\/div>\n\t\t            <\/div>\n\t\t<\/div>\n\n\n\n<p><\/p>","protected":false},"excerpt":{"rendered":"<p>Aufenthaltsbewilligung Einb\u00fcrgerung Fragen:<\/p>","protected":false},"author":1,"featured_media":0,"parent":289,"menu_order":10,"comment_status":"closed","ping_status":"closed","template":"","meta":{"_uag_custom_page_level_css":"","site-sidebar-layout":"default","site-content-layout":"","ast-site-content-layout":"default","site-content-style":"default","site-sidebar-style":"default","ast-global-header-display":"","ast-banner-title-visibility":"","ast-main-header-display":"","ast-hfb-above-header-display":"","ast-hfb-below-header-display":"","ast-hfb-mobile-header-display":"","site-post-title":"","ast-breadcrumbs-content":"","ast-featured-img":"","footer-sml-layout":"","ast-disable-related-posts":"","theme-transparent-header-meta":"","adv-header-id-meta":"","stick-header-meta":"","header-above-stick-meta":"","header-main-stick-meta":"","header-below-stick-meta":"","astra-migrate-meta-layouts":"set","ast-page-background-enabled":"default","ast-page-background-meta":{"desktop":{"background-color":"","background-image":"","background-repeat":"repeat","background-position":"center center","background-size":"auto","background-attachment":"scroll","background-type":"","background-media":"","overlay-type":"","overlay-color":"","overlay-opacity":"","overlay-gradient":""},"tablet":{"background-color":"","background-image":"","background-repeat":"repeat","background-position":"center center","background-size":"auto","background-attachment":"scroll","background-type":"","background-media":"","overlay-type":"","overlay-color":"","overlay-opacity":"","overlay-gradient":""},"mobile":{"background-color":"","background-image":"","background-repeat":"repeat","background-position":"center center","background-size":"auto","background-attachment":"scroll","background-type":"","background-media":"","overlay-type":"","overlay-color":"","overlay-opacity":"","overlay-gradient":""}},"ast-content-background-meta":{"desktop":{"background-color":"var(--ast-global-color-5)","background-image":"","background-repeat":"repeat","background-position":"center center","background-size":"auto","background-attachment":"scroll","background-type":"","background-media":"","overlay-type":"","overlay-color":"","overlay-opacity":"","overlay-gradient":""},"tablet":{"background-color":"var(--ast-global-color-5)","background-image":"","background-repeat":"repeat","background-position":"center center","background-size":"auto","background-attachment":"scroll","background-type":"","background-media":"","overlay-type":"","overlay-color":"","overlay-opacity":"","overlay-gradient":""},"mobile":{"background-color":"var(--ast-global-color-5)","background-image":"","background-repeat":"repeat","background-position":"center center","background-size":"auto","background-attachment":"scroll","background-type":"","background-media":"","overlay-type":"","overlay-color":"","overlay-opacity":"","overlay-gradient":""}},"footnotes":""},"class_list":["post-376","page","type-page","status-publish","hentry"],"uagb_featured_image_src":{"full":false,"thumbnail":false,"medium":false,"medium_large":false,"large":false,"1536x1536":false,"2048x2048":false,"trp-custom-language-flag":false},"uagb_author_info":{"display_name":"admin","author_link":"https:\/\/integration.ow.ch\/es\/author\/inow-wpadmin\/"},"uagb_comment_info":0,"uagb_excerpt":"Aufenthaltsbewilligung Einb\u00fcrgerung Fragen:","_links":{"self":[{"href":"https:\/\/integration.ow.ch\/es\/wp-json\/wp\/v2\/pages\/376","targetHints":{"allow":["GET"]}}],"collection":[{"href":"https:\/\/integration.ow.ch\/es\/wp-json\/wp\/v2\/pages"}],"about":[{"href":"https:\/\/integration.ow.ch\/es\/wp-json\/wp\/v2\/types\/page"}],"author":[{"embeddable":true,"href":"https:\/\/integration.ow.ch\/es\/wp-json\/wp\/v2\/users\/1"}],"replies":[{"embeddable":true,"href":"https:\/\/integration.ow.ch\/es\/wp-json\/wp\/v2\/comments?post=376"}],"version-history":[{"count":2,"href":"https:\/\/integration.ow.ch\/es\/wp-json\/wp\/v2\/pages\/376\/revisions"}],"predecessor-version":[{"id":2157,"href":"https:\/\/integration.ow.ch\/es\/wp-json\/wp\/v2\/pages\/376\/revisions\/2157"}],"up":[{"embeddable":true,"href":"https:\/\/integration.ow.ch\/es\/wp-json\/wp\/v2\/pages\/289"}],"wp:attachment":[{"href":"https:\/\/integration.ow.ch\/es\/wp-json\/wp\/v2\/media?parent=376"}],"curies":[{"name":"wp","href":"https:\/\/api.w.org\/{rel}","templated":true}]}}