{"id":263,"date":"2021-11-02T00:15:59","date_gmt":"2021-11-02T00:15:59","guid":{"rendered":"https:\/\/integration.ow.ch\/?page_id=263"},"modified":"2025-08-14T13:45:36","modified_gmt":"2025-08-14T11:45:36","slug":"arbeit","status":"publish","type":"page","link":"https:\/\/integration.ow.ch\/es\/arbeit\/","title":{"rendered":"Trabajo"},"content":{"rendered":"<h1 class=\"wp-block-heading\">Trabajo<\/h1>\n\n\n\n<h2 class=\"wp-block-heading\">B\u00fasqueda de empleo<\/h2>\n\n\n\n<h3 class=\"wp-block-heading\">Preguntas:<\/h3>\n\n\n\n<div class=\"wp-block-quick-and-easy-faqs-faqs-accordion-orderby-title-asc\">            <div class=\"qae-faqs-container qae-faqs-toggle-container\">\n\t\t\t\t\t\t\t<ul class=\"qe-faqs-filters-container\">\n\t\t\t\t<li class=\"active\"><a class=\"qe-faqs-filter all-faqs\" href=\"#\" data-filter=\"*\">Todo<\/a><\/li>\n\t\t\t\t<li><a class=\"qe-faqs-filter\" href=\"#Stellensuche\" data-filter=\".Stellensuche\">B\u00fasqueda de empleo<\/a><\/li>\t\t\t<\/ul>\n\t\t\t\t\t<div id=\"qaef-266\" class=\"qe-faq-toggle stellensuche\">\n\t\t\t<div class=\"qe-toggle-title\">\n\t\t\t\t<h4>\n\t\t\t\t\t<i class=\"fa fa-minus-circle\"><\/i> 01 \u00bfD\u00f3nde puedo encontrar una vacante?\t\t\t\t<\/h4>\n\t\t\t<\/div>\n\t\t\t<div class=\"qe-toggle-content\">\n\t\t\t\t\n<div class=\"inherit-container-width wp-block-group is-layout-constrained wp-block-group-is-layout-constrained\"><div class=\"wp-block-group__inner-container\">\n<figure class=\"wp-block-image alignright size-full is-resized\"><img decoding=\"async\" loading=\"lazy\" width=\"300\" height=\"203\" src=\"https:\/\/integration.ow.ch\/wp-content\/uploads\/2021\/11\/csm_F2-1_Wirsuchen_RogerWehrli_071633ae11.jpg\" alt=\"\" class=\"wp-image-267\" style=\"width:300px;height:203px\" \/><\/figure>\n\n\n\n<p>Viele Stellen werden \u00f6ffentlich ausgeschrieben. Man findet sie in Tageszeitungen (Beilage &#171;Stellenanzeiger&#187;) oder im Internet. Schauen Sie bei Unternehmen deshalb auch direkt im Internet nach oder rufen Sie diese an.\u00a0Es gibt auch private Stellenvermittlungsb\u00fcros, die Ihnen bei der Suche helfen. In Caf\u00e9s, Restaurants oder in der Bibliothek liegen viele Tageszeitungen auf, die Sie kostenlos lesen k\u00f6nnen. Weitere Informationen finden Sie <strong><em><a href=\"https:\/\/integration.ow.ch\/es\/arbeit\/stellensuche\/\">aqu\u00ed<\/a><\/em><\/strong> in verschiedenen Sprachen. <\/p>\n\n\n\n<p><strong>Regionales Arbeitsvermittlungszentrum (RAV)<\/strong><\/p>\n\n\n\n<p>Diese Organisation unterst\u00fctzt Arbeitnehmende und Arbeitgebende aus den Kantonen Obwalden und Nidwalden kostenlos bei der Stellensuche und -besetzung. Informationen zum RAV finden Sie <a href=\"https:\/\/www.rav-ownw.ch\/\"><strong><em>aqu\u00ed<\/em><\/strong><\/a>.<br>Kontakt: Tel. <a href=\"tel:0416325626\">041 632 56 26<\/a>,&nbsp;<a><strong>info@ravownw.ch<\/strong><\/a>.<\/p>\n\n\n\n<p><strong>Solicitud de lugar de encuentro<\/strong><\/p>\n\n\n\n<p>Bei diesem Treffen werden Ihre Fragen zur Stellensuche oder Bewerbung beantwortet. Zudem k\u00f6nnen die vorhandene Infrastruktur nutzen. Das Angebot ist, von Kopier- und Druckkosten abgesehen, kostenlos. Es richtet sich an jugendliche und erwachsene Zugewanderte. <br>Anmeldung und Ausk\u00fcnfte: Tel. <a href=\"tel:0416310099\">041 631 00 99<\/a>&nbsp;<\/p>\n<\/div><\/div>\n\n\n\n<p><\/p>\n\t\t\t<\/div>\n\t\t<\/div>\n\t\t\t\t<div id=\"qaef-268\" class=\"qe-faq-toggle stellensuche\">\n\t\t\t<div class=\"qe-toggle-title\">\n\t\t\t\t<h4>\n\t\t\t\t\t<i class=\"fa fa-minus-circle\"><\/i> 02 Me siento tratado injustamente, \u00bfqu\u00e9 puedo hacer?\t\t\t\t<\/h4>\n\t\t\t<\/div>\n\t\t\t<div class=\"qe-toggle-content\">\n\t\t\t\t\n<div class=\"inherit-container-width wp-block-group is-layout-constrained wp-block-group-is-layout-constrained\"><div class=\"wp-block-group__inner-container\">\n<figure class=\"wp-block-image alignleft size-full is-resized\"><img decoding=\"async\" loading=\"lazy\" width=\"300\" height=\"203\" src=\"https:\/\/integration.ow.ch\/wp-content\/uploads\/2021\/11\/csm_F8-2_23916412_Ingo_Bartussek_33a4133728.jpg\" alt=\"\" class=\"wp-image-270\" style=\"width:300px;height:203px\" \/><\/figure>\n\n\n\n<p>Am besten ist es, wenn Sie zuerst mit einem Mitglied der Personalkommission oder Ihrem Personalchef oder Ihrer Personalchefin \u00fcber die Gr\u00fcnde sprechen, warum sie mit Ihrem Arbeitsplatz nicht zufrieden sind. Lassen Sie sich professionell beraten, bevor Sie auf eigene Faust Schritte unternehmen. Am besten ist es, bei einer Rechtsberatung oder bei Hilfswerken um Rat zu fragen. Oder melden Sie sich bei <strong><em><a href=\"https:\/\/www.fabialuzern.ch\/\">fabia<\/a> <\/em><\/strong>para una consulta gratuita. <br><br>Si est\u00e1s afiliado a un sindicato, tambi\u00e9n puedes preguntar all\u00ed. Quiz\u00e1s tus compa\u00f1eros de trabajo tambi\u00e9n puedan ayudarte.<\/p>\n<\/div><\/div>\n\t\t\t<\/div>\n\t\t<\/div>\n\t\t\t\t<div id=\"qaef-272\" class=\"qe-faq-toggle stellensuche\">\n\t\t\t<div class=\"qe-toggle-title\">\n\t\t\t\t<h4>\n\t\t\t\t\t<i class=\"fa fa-minus-circle\"><\/i> 03. \u00bfqu\u00e9 hago si me quedo en paro?\t\t\t\t<\/h4>\n\t\t\t<\/div>\n\t\t\t<div class=\"qe-toggle-content\">\n\t\t\t\t\n<div class=\"inherit-container-width wp-block-group is-layout-constrained wp-block-group-is-layout-constrained\"><div class=\"wp-block-group__inner-container\">\n<figure class=\"wp-block-image alignright size-full is-resized\"><img decoding=\"async\" loading=\"lazy\" width=\"300\" height=\"203\" src=\"https:\/\/integration.ow.ch\/wp-content\/uploads\/2021\/11\/csm_F9-1_RAV_Grafikbar_ffd626f4bb.jpg\" alt=\"\" class=\"wp-image-273\" style=\"width:300px;height:203px\" \/><\/figure>\n\n\n\n<p>Si se ve amenazado por el desempleo, debe inscribirse personalmente lo antes posible, pero a m\u00e1s tardar el primer d\u00eda de desempleo, en el\u00a0<a href=\"http:\/\/www.rav-ownw.ch\/\" target=\"_blank\" rel=\"noreferrer noopener\"><strong><em>Centro Regional de Empleo (RAV)<\/em><\/strong><\/a> anmelden. Das RAV ist die Verbindungsstelle zwischen arbeitslosen Personen und den Arbeitslosenkassen. Es informiert Sie \u00fcber H\u00f6he und Dauer der Arbeitslosenentsch\u00e4digung. Das RAV vermittelt auch neue Stellen und ber\u00e4t Sie zu Weiterbildungskursen und Besch\u00e4ftigungsprogrammen.<\/p>\n<\/div><\/div>\n\t\t\t<\/div>\n\t\t<\/div>\n\t\t\t\t<div id=\"qaef-274\" class=\"qe-faq-toggle stellensuche\">\n\t\t\t<div class=\"qe-toggle-title\">\n\t\t\t\t<h4>\n\t\t\t\t\t<i class=\"fa fa-minus-circle\"><\/i> 04 \u00bfQu\u00e9 significa el trabajo no declarado?\t\t\t\t<\/h4>\n\t\t\t<\/div>\n\t\t\t<div class=\"qe-toggle-content\">\n\t\t\t\t\n<div class=\"inherit-container-width wp-block-group is-layout-constrained wp-block-group-is-layout-constrained\"><div class=\"wp-block-group__inner-container\">\n<figure class=\"wp-block-image alignleft size-full is-resized\"><img decoding=\"async\" loading=\"lazy\" width=\"300\" height=\"203\" src=\"https:\/\/integration.ow.ch\/wp-content\/uploads\/2021\/11\/csm_F10-3_18322222_Bilderjet_b8d5483975.jpg\" alt=\"\" class=\"wp-image-275\" \/><\/figure>\n\n\n\n<p>Schwarzarbeit ist Arbeit, f\u00fcr die ein Lohn bezahlt wird, der nicht versteuert ist. Die arbeitnehmende Person ist nicht sozialversichert. Schwarzarbeit ist in der Schweiz illegal. Wenn man schwarz arbeitet, kann man isch strafbar machen<\/p>\n\n\n\n<p>El sitio web&nbsp;<em><strong><a href=\"http:\/\/www.keine-schwarzarbeit.ch\/\" target=\"_blank\" rel=\"noreferrer noopener\"><strong>www.keine-schwarzarbeit.ch<\/strong><\/a><\/strong><\/em>&nbsp;informiert \u00fcber das Thema und die damit verbundenen Risiken.<\/p>\n<\/div><\/div>\n\n\n\n<p><\/p>\n\n\n\n<p><\/p>\n\n\n\n<p><\/p>\n\t\t\t<\/div>\n\t\t<\/div>\n\t\t\t\t<div id=\"qaef-1803\" class=\"qe-faq-toggle stellensuche\">\n\t\t\t<div class=\"qe-toggle-title\">\n\t\t\t\t<h4>\n\t\t\t\t\t<i class=\"fa fa-minus-circle\"><\/i> 05. Wo finden Sie als Arbeitgebende Unterst\u00fctzung, wenn sie Gefl\u00fcchtete anstellen m\u00f6chten?\t\t\t\t<\/h4>\n\t\t\t<\/div>\n\t\t\t<div class=\"qe-toggle-content\">\n\t\t\t\t\n<p>Soziale Dienste Asyl, Fachbereich Integration, <br>Dorfplatz 4, 6060 Sarnen <br>Die Webseite finden Sie <strong><em><a href=\"https:\/\/www.ow.ch\/fachbereiche\/1685\">aqu\u00ed<\/a><\/em><\/strong>.\u00a0<\/p>\n\n\n\n<p>Informationen zur allgemeinen Arbeit mit Fl\u00fcchtlingen finden Sie <strong><em><a href=\"https:\/\/www.ow.ch\/publikationen\/21707\">aqu\u00ed<\/a><\/em><\/strong>. <\/p>\n\n\n\n<p><\/p>\n\t\t\t<\/div>\n\t\t<\/div>\n\t\t            <\/div>\n\t\t<\/div>","protected":false},"excerpt":{"rendered":"<p>Arbeit Stellensuche Fragen:<\/p>","protected":false},"author":1,"featured_media":264,"parent":0,"menu_order":6,"comment_status":"closed","ping_status":"closed","template":"","meta":{"_uag_custom_page_level_css":"","site-sidebar-layout":"","site-content-layout":"","ast-site-content-layout":"default","site-content-style":"default","site-sidebar-style":"default","ast-global-header-display":"","ast-banner-title-visibility":"","ast-main-header-display":"","ast-hfb-above-header-display":"","ast-hfb-below-header-display":"","ast-hfb-mobile-header-display":"","site-post-title":"","ast-breadcrumbs-content":"","ast-featured-img":"disabled","footer-sml-layout":"","ast-disable-related-posts":"","theme-transparent-header-meta":"","adv-header-id-meta":"","stick-header-meta":"","header-above-stick-meta":"","header-main-stick-meta":"","header-below-stick-meta":"","astra-migrate-meta-layouts":"set","ast-page-background-enabled":"default","ast-page-background-meta":{"desktop":{"background-color":"","background-image":"","background-repeat":"repeat","background-position":"center center","background-size":"auto","background-attachment":"scroll","background-type":"","background-media":"","overlay-type":"","overlay-color":"","overlay-opacity":"","overlay-gradient":""},"tablet":{"background-color":"","background-image":"","background-repeat":"repeat","background-position":"center center","background-size":"auto","background-attachment":"scroll","background-type":"","background-media":"","overlay-type":"","overlay-color":"","overlay-opacity":"","overlay-gradient":""},"mobile":{"background-color":"","background-image":"","background-repeat":"repeat","background-position":"center center","background-size":"auto","background-attachment":"scroll","background-type":"","background-media":"","overlay-type":"","overlay-color":"","overlay-opacity":"","overlay-gradient":""}},"ast-content-background-meta":{"desktop":{"background-color":"var(--ast-global-color-5)","background-image":"","background-repeat":"repeat","background-position":"center center","background-size":"auto","background-attachment":"scroll","background-type":"","background-media":"","overlay-type":"","overlay-color":"","overlay-opacity":"","overlay-gradient":""},"tablet":{"background-color":"var(--ast-global-color-5)","background-image":"","background-repeat":"repeat","background-position":"center center","background-size":"auto","background-attachment":"scroll","background-type":"","background-media":"","overlay-type":"","overlay-color":"","overlay-opacity":"","overlay-gradient":""},"mobile":{"background-color":"var(--ast-global-color-5)","background-image":"","background-repeat":"repeat","background-position":"center center","background-size":"auto","background-attachment":"scroll","background-type":"","background-media":"","overlay-type":"","overlay-color":"","overlay-opacity":"","overlay-gradient":""}},"footnotes":""},"class_list":["post-263","page","type-page","status-publish","has-post-thumbnail","hentry"],"uagb_featured_image_src":{"full":["https:\/\/integration.ow.ch\/wp-content\/uploads\/2021\/11\/F2-2_Zeitung_RogerWehrli.jpg",500,338,false],"thumbnail":["https:\/\/integration.ow.ch\/wp-content\/uploads\/2021\/11\/F2-2_Zeitung_RogerWehrli-150x150.jpg",150,150,true],"medium":["https:\/\/integration.ow.ch\/wp-content\/uploads\/2021\/11\/F2-2_Zeitung_RogerWehrli-300x203.jpg",300,203,true],"medium_large":["https:\/\/integration.ow.ch\/wp-content\/uploads\/2021\/11\/F2-2_Zeitung_RogerWehrli.jpg",500,338,false],"large":["https:\/\/integration.ow.ch\/wp-content\/uploads\/2021\/11\/F2-2_Zeitung_RogerWehrli.jpg",500,338,false],"1536x1536":["https:\/\/integration.ow.ch\/wp-content\/uploads\/2021\/11\/F2-2_Zeitung_RogerWehrli.jpg",500,338,false],"2048x2048":["https:\/\/integration.ow.ch\/wp-content\/uploads\/2021\/11\/F2-2_Zeitung_RogerWehrli.jpg",500,338,false],"trp-custom-language-flag":["https:\/\/integration.ow.ch\/wp-content\/uploads\/2021\/11\/F2-2_Zeitung_RogerWehrli.jpg",18,12,false]},"uagb_author_info":{"display_name":"admin","author_link":"https:\/\/integration.ow.ch\/es\/author\/inow-wpadmin\/"},"uagb_comment_info":0,"uagb_excerpt":"Arbeit Stellensuche Fragen:","_links":{"self":[{"href":"https:\/\/integration.ow.ch\/es\/wp-json\/wp\/v2\/pages\/263","targetHints":{"allow":["GET"]}}],"collection":[{"href":"https:\/\/integration.ow.ch\/es\/wp-json\/wp\/v2\/pages"}],"about":[{"href":"https:\/\/integration.ow.ch\/es\/wp-json\/wp\/v2\/types\/page"}],"author":[{"embeddable":true,"href":"https:\/\/integration.ow.ch\/es\/wp-json\/wp\/v2\/users\/1"}],"replies":[{"embeddable":true,"href":"https:\/\/integration.ow.ch\/es\/wp-json\/wp\/v2\/comments?post=263"}],"version-history":[{"count":1,"href":"https:\/\/integration.ow.ch\/es\/wp-json\/wp\/v2\/pages\/263\/revisions"}],"predecessor-version":[{"id":2077,"href":"https:\/\/integration.ow.ch\/es\/wp-json\/wp\/v2\/pages\/263\/revisions\/2077"}],"wp:featuredmedia":[{"embeddable":true,"href":"https:\/\/integration.ow.ch\/es\/wp-json\/wp\/v2\/media\/264"}],"wp:attachment":[{"href":"https:\/\/integration.ow.ch\/es\/wp-json\/wp\/v2\/media?parent=263"}],"curies":[{"name":"wp","href":"https:\/\/api.w.org\/{rel}","templated":true}]}}