{"id":541,"date":"2021-11-02T00:40:52","date_gmt":"2021-11-02T00:40:52","guid":{"rendered":"https:\/\/integration.ow.ch\/?page_id=541"},"modified":"2026-01-08T15:11:13","modified_gmt":"2026-01-08T14:11:13","slug":"gesundheit","status":"publish","type":"page","link":"https:\/\/integration.ow.ch\/en\/gesundheit\/","title":{"rendered":"Health"},"content":{"rendered":"<h1 class=\"wp-block-heading\">Health<\/h1>\n\n\n\n<h2 class=\"wp-block-heading\">General<\/h2>\n\n\n\n<h3 class=\"wp-block-heading\">Questions:<\/h3>\n\n\n\n<div class=\"wp-block-quick-and-easy-faqs-faqs-accordion-orderby-title-asc\">            <div class=\"qae-faqs-container qae-faqs-toggle-container\">\n\t\t\t\t\t\t\t<ul class=\"qe-faqs-filters-container\">\n\t\t\t\t<li class=\"active\"><a class=\"qe-faqs-filter all-faqs\" href=\"#\" data-filter=\"*\">All<\/a><\/li>\n\t\t\t\t<li><a class=\"qe-faqs-filter\" href=\"#Gesundheit Grundlagen\" data-filter=\".Gesundheit Grundlagen\">Gesundheit Grundlagen<\/a><\/li>\t\t\t<\/ul>\n\t\t\t\t\t<div id=\"qaef-544\" class=\"qe-faq-toggle gesundheit-grundlagen\">\n\t\t\t<div class=\"qe-toggle-title\">\n\t\t\t\t<h4>\n\t\t\t\t\t<i class=\"fa fa-minus-circle\"><\/i> 01. what is part of a healthy lifestyle?\t\t\t\t<\/h4>\n\t\t\t<\/div>\n\t\t\t<div class=\"qe-toggle-content\">\n\t\t\t\t\n<div class=\"inherit-container-width wp-block-group is-layout-constrained wp-block-group-is-layout-constrained\"><div class=\"wp-block-group__inner-container\">\n<figure class=\"wp-block-image alignright size-full is-resized\"><img decoding=\"async\" loading=\"lazy\" width=\"500\" height=\"338\" src=\"https:\/\/integration.ow.ch\/wp-content\/uploads\/2021\/11\/F1-1_Obst_RogerWehrli.jpg\" alt=\"\" class=\"wp-image-545\" style=\"width:375px;height:254px\" srcset=\"https:\/\/integration.ow.ch\/wp-content\/uploads\/2021\/11\/F1-1_Obst_RogerWehrli.jpg 500w, https:\/\/integration.ow.ch\/wp-content\/uploads\/2021\/11\/F1-1_Obst_RogerWehrli-300x203.jpg 300w\" sizes=\"auto, (max-width: 500px) 100vw, 500px\" \/><\/figure>\n\n\n\n<p>Ein gesunder Lebensstil ist die beste Krankheitsvorsorge. Zu einem gesunden Lebensstil geh\u00f6ren verschiedene Dinge. Klicken Sie auf die einzelnen Punkte um mehr zu erfahren: <\/p>\n\n\n\n<ul class=\"wp-block-list\">\n<li><strong><em><a href=\"https:\/\/www.migesplus.ch\/themen\/gesundheitsfoerderung-und-praevention#ernaehrung\">Gesunde Ern\u00e4hrung<\/a><\/em><\/strong><\/li>\n\n\n\n<li><strong><em><a href=\"https:\/\/www.migesplus.ch\/themen\/gesundheitsfoerderung-und-praevention#bewegung\">Gen\u00fcgend Bewegung<\/a><\/em><\/strong> (<strong><em><a href=\"https:\/\/www.hepa.admin.ch\/de\/bewegungsempfehlungen\">Here<\/a><\/em><\/strong> finden Sie die aktuellen Bewegungsempfehlungen) <\/li>\n\n\n\n<li><strong><em><a href=\"https:\/\/www.migesplus.ch\/themen\/psychische-gesundheit\">St\u00e4rkung der psychischen Gesundheit <\/a><\/em><\/strong><\/li>\n\n\n\n<li><strong><em><a href=\"https:\/\/www.migesplus.ch\/themen\/sucht\">Vermeidung von Substanzen wie Alkohol oder Tabak <\/a><\/em><\/strong><\/li>\n\n\n\n<li><strong><em><a href=\"https:\/\/www.migesplus.ch\/themen\/gesundheitsfoerderung-und-praevention#impfungen\">Impfungen<\/a><\/em><\/strong> <\/li>\n\n\n\n<li><strong><em><a href=\"https:\/\/www.migesplus.ch\/themen\/gesundheitsfoerderung-und-praevention#zahngesundheit\">Zahngesundheit <\/a><\/em><\/strong><\/li>\n\n\n\n<li><strong><em><a href=\"https:\/\/www.migesplus.ch\/themen\/gesundheitsfoerderung-und-praevention#sonnenschutz\">Sonnenschutz <\/a><\/em><\/strong><\/li>\n\n\n\n<li>Und vieles mehr. <\/li>\n<\/ul>\n<\/div><\/div>\n\n\n\n<p><\/p>\n\n\n\n<p><\/p>\n\t\t\t<\/div>\n\t\t<\/div>\n\t\t\t\t<div id=\"qaef-639\" class=\"qe-faq-toggle gesundheit-grundlagen\">\n\t\t\t<div class=\"qe-toggle-title\">\n\t\t\t\t<h4>\n\t\t\t\t\t<i class=\"fa fa-minus-circle\"><\/i> 02. Was kann ich tun, wenn es mir psychisch nicht gut geht?\t\t\t\t<\/h4>\n\t\t\t<\/div>\n\t\t\t<div class=\"qe-toggle-content\">\n\t\t\t\t\n<div class=\"inherit-container-width wp-block-group is-layout-constrained wp-block-group-is-layout-constrained\"><div class=\"wp-block-group__inner-container\">\n<p><strong>Hilfe in Notsituationen<\/strong>:\u00a0Auf der Webseite<strong><em>\u00a0<a href=\"https:\/\/www.143.ch\/\" target=\"_blank\" rel=\"noreferrer noopener\">143.ch<\/a><\/em><\/strong>\u00a0finden Sie schnelle\u00a0Hilfe\u00a0in psychischen Notsituationen\u00a0(Tel. 143).\u00a0Sie bieten dort anonym\u00a0kostenlose Beratungen\u00a0via Telefon, Chat oder E-Mail an.\u00a0<\/p>\n\n\n\n<p><strong>Pro Mente Sana<\/strong>\u00a0bietet kostenlose\u00a0<strong><a href=\"https:\/\/promentesana.ch\/angebote\/beratung\/beratung-fuer-betroffene-nahestehende\" target=\"_blank\" rel=\"noreferrer noopener\"><em>Beratung<\/em><\/a>\u00a0<\/strong>zu psychosozialen und juristischen Fragen f\u00fcr Menschen mit einer psychischen Beeintr\u00e4chtigung\u00a0und\u00a0deren Bezugspersonen an.<\/p>\n\n\n\n<p><strong>Selbsthilfegruppe:\u00a0<\/strong>Hier treffen sich Menschen in \u00e4hnlichen Situationen um sich gegenseitig zu unterst\u00fctzen.\u00a0Bei\u00a0<a href=\"https:\/\/www.selbsthilfeluzern.ch\/shlon\/de\/selbsthilfegruppen\/selbsthilfegruppe-finden.html?canton=LU&amp;canton=NW&amp;canton=OW&amp;submitted=true&amp;search=\" target=\"_blank\" rel=\"noreferrer noopener\"><strong><em>Selbsthilfe LU NW OW<\/em><\/strong><\/a>\u00a0gibt es eine Liste von Selbsthilfegruppen, denen man sich anschliessen kann.\u00a0<\/p>\n\n\n\n<p><strong>Folter- und Kriegsopfer<\/strong>:\u00a0In Bern, Z\u00fcrich, Lausanne und Genf gibt es ein\u00a0<a href=\"https:\/\/www.torturevictims.ch\/\" target=\"_blank\" rel=\"noreferrer noopener\"><em><strong>Ambulatorium f\u00fcr Folter- und Kriegsopfer<\/strong><\/em><\/a>, wo professionelle\u00a0Hilfe\u00a0f\u00fcr Betroffene angeboten wird.\u00a0<\/p>\n\n\n\n<p>Eine weitere Ansprechperson ist Ihr Hausarzt oder Ihre Haus\u00e4rztin. Alle Beratungspersonen und psychologischen Fachleute sind an die\u00a0<strong>Confidentiality\u00a0<\/strong>bound and may not disclose any information from you. <\/p>\n\n\n\n<p><\/p>\n<\/div><\/div>\n\n\n\n<p><\/p>\n\t\t\t<\/div>\n\t\t<\/div>\n\t\t\t\t<div id=\"qaef-559\" class=\"qe-faq-toggle gesundheit-grundlagen\">\n\t\t\t<div class=\"qe-toggle-title\">\n\t\t\t\t<h4>\n\t\t\t\t\t<i class=\"fa fa-minus-circle\"><\/i> 03. Wo kann ich mich zum Thema Sucht beraten lassen?\t\t\t\t<\/h4>\n\t\t\t<\/div>\n\t\t\t<div class=\"qe-toggle-content\">\n\t\t\t\t\n<div class=\"inherit-container-width wp-block-group is-layout-constrained wp-block-group-is-layout-constrained\"><div class=\"wp-block-group__inner-container\">\n<p>Menschen k\u00f6nnen <strong><em><a href=\"https:\/\/www.migesplus.ch\/themen\/sucht\">S\u00fcchte<\/a><\/em><\/strong> f\u00fcr verschiedene Dinge entwickeln. Hier eine \u00dcbersicht:<\/p>\n\n\n\n<ul class=\"wp-block-list\">\n<li><strong>Legale Substanzen<\/strong> wie Alkohol, Zigaretten oder Schmerz-, Schlaf- und Beruhigungsmitteln. <\/li>\n\n\n\n<li><strong>Aktivit\u00e4ten<\/strong> wie Arbeiten, Essen, Spielen oder Einkaufen<\/li>\n\n\n\n<li><strong>Illegalen Drogen<\/strong> wie Cannabis, Kokain oder Heroin.<\/li>\n<\/ul>\n\n\n\n<figure class=\"wp-block-image alignleft size-full is-resized\"><img decoding=\"async\" loading=\"lazy\" width=\"500\" height=\"338\" src=\"https:\/\/integration.ow.ch\/wp-content\/uploads\/2021\/11\/F8-2_30143303_Gabriel-Blaj.jpg\" alt=\"\" class=\"wp-image-560\" style=\"width:375px;height:254px\" srcset=\"https:\/\/integration.ow.ch\/wp-content\/uploads\/2021\/11\/F8-2_30143303_Gabriel-Blaj.jpg 500w, https:\/\/integration.ow.ch\/wp-content\/uploads\/2021\/11\/F8-2_30143303_Gabriel-Blaj-300x203.jpg 300w\" sizes=\"auto, (max-width: 500px) 100vw, 500px\" \/><\/figure>\n\n\n\n<p>S\u00fcchte haben\u00a0<strong>negative Auswirkungen<\/strong>\u00a0auf den K\u00f6rper und die Psyche und belasten nahestehende Mitmenschen. F\u00fcr Betroffene ist es h\u00e4ufig schwierig, dar\u00fcber zu reden und alleine von der Sucht loszukommen. Auf der Webseite von <a href=\"https:\/\/www.suchtschweiz.ch\/\"><strong><em>Sucht Schweiz<\/em><\/strong><\/a> gibt es kostenlose Informationsbrosch\u00fcren zu den Themen\u00a0wie <a href=\"https:\/\/shop.addictionsuisse.ch\/de\/alkohol\/104-227-was-sollte-ich-ueber-alkohol-wissen.html#\/27-sprache-deutsch\"><strong><em>Alkohol<\/em><\/strong><\/a><strong><em>,\u00a0<\/em><\/strong><a href=\"https:\/\/shop.addictionsuisse.ch\/de\/familie-nahestehende\/105-238-nahestehende-von-menschen-mit-einem-suchtproblem-was-tun.html#\/27-sprache-deutsch\"><strong><em>Angeh\u00f6rige von Menschen mit Suchproblemen<\/em><\/strong><\/a>\u00a0and<strong>\u00a0<\/strong><a href=\"https:\/\/shop.addictionsuisse.ch\/de\/aeltere-menschen\/97-200-alkohol-und-medikamente-beim-aelterwerden.html#\/27-sprache-deutsch\"><strong>Sucht im Alter<\/strong><\/a>.\u00a0<\/p>\n\n\n\n<p>The <a href=\"https:\/\/www.ow.ch\/fachbereiche\/1924\"><strong><em>kantonale Suchtberatung<\/em><\/strong><\/a> or <a href=\"https:\/\/www.safezone.ch\/de\/\"><strong><em>SafeZone.ch<\/em><\/strong><\/a>\u00a0bieten verschiedene Beratungen an.\u00a0Dort<strong>\u00a0<\/strong>k\u00f6nnen sie gemeinsam mit Fachpersonen nach L\u00f6sungen suchen. Auch Angeh\u00f6rige erhalten Unterst\u00fctzung und Begleitung in dieser schwierigen Situation. Diese Beratungen sind\u00a0<strong>often free of charge<\/strong>. <\/p>\n\n\n\n<p><\/p>\n\n\n\n<p><\/p>\n<\/div><\/div>\n\t\t\t<\/div>\n\t\t<\/div>\n\t\t\t\t<div id=\"qaef-2211\" class=\"qe-faq-toggle gesundheit-grundlagen\">\n\t\t\t<div class=\"qe-toggle-title\">\n\t\t\t\t<h4>\n\t\t\t\t\t<i class=\"fa fa-minus-circle\"><\/i> 04. Wo kann ich Informationen und Hilfe bekommen, wenn ich\u00a0an einer bestimmten Krankheit\u00a0leide?\u00a0\t\t\t\t<\/h4>\n\t\t\t<\/div>\n\t\t\t<div class=\"qe-toggle-content\">\n\t\t\t\t\n<p>F\u00fcr viele Erkrankungen gibt es spezialisierte Anlaufstellen und Angebote. Hier eine Auswahl: <\/p>\n\n\n\n<ul class=\"wp-block-list\">\n<li><strong>Demenz<\/strong>:\u00a0<strong><em><a href=\"https:\/\/www.alzheimer-schweiz.ch\/de\/ow-nw\/angebote\/beitrag\/beratungsstelle-1\">Alzheimer Obwalden\/Nidwalden<\/a><\/em><\/strong> bietet\u00a0Spazierg\u00e4nge<em>\u00a0<\/em>and<em>\u00a0Beratung<\/em>\u00a0f\u00fcr Alzheimerbetroffene und Angeh\u00f6rige an.\u00a0Die\u00a0<a href=\"https:\/\/www.alzheimer-schweiz.ch\/de\/ow-nw\/angebote\/beitrag\/beratungsstelle-1\" target=\"_blank\" rel=\"noreferrer noopener\"><strong><em>Anlaufstelle Demenz Obwalden\/Nidwalden<\/em><\/strong><\/a>\u00a0ber\u00e4t und begleitet bei Problemen und hilft bei der L\u00f6sungssuche.\u00a0<\/li>\n\n\n\n<li><strong>Krebs<\/strong>: Die\u00a0<a href=\"https:\/\/zentralschweiz.krebsliga.ch\/?_gl=1*1c75xjw*_ga*MTIzNjY4MDk0OS4xNzQ5NjQ1MTMy*_ga_7ETTSSGFK4*czE3NDk2NTQwNDkkbzIkZzEkdDE3NDk2NTQ0MTQkajYwJGwwJGgw*_gcl_au*MTUxODIyNDk4Ny4xNzQ5NjQ1MTMx&amp;gad_source=1&amp;gad_campaignid=21900606439&amp;gclid=CjwKCAjwx-zHBhBhEiwA7Kjq65dtRYklk7wnRUX91YHu5odEk4_VvvogV4e-A8-cirNZV5YlKhbIaBoCs00QAvD_BwE\" target=\"_blank\" rel=\"noreferrer noopener\"><strong><em>Krebsliga Zentralschweiz<\/em><\/strong><\/a>\u00a0<em>ber\u00e4t, unterst\u00fctzt\u00a0<\/em>and<em>\u00a0informiert<\/em>\u00a0Menschen mit und nach Krebs und ihre\u00a0Angeh\u00f6rigen.\u202f\u00a0<\/li>\n\n\n\n<li>The\u00a0<a href=\"https:\/\/www.lungenliga.ch\/lungenliga-zentralschweiz\" target=\"_blank\" rel=\"noreferrer noopener\"><strong><em>Lungenliga Zentralschweiz<\/em><\/strong><\/a>\u00a0ist das\u00a0<em>Beratungs- und Behandlungszentrum<\/em>\u00a0rund um\u00a0<strong>Lunge, Atmung, Schlaf, Basisgesundheit und Stressbew\u00e4ltigung<\/strong>.\u00a0<\/li>\n\n\n\n<li><strong>Rheuma<\/strong>: Die\u00a0<a href=\"https:\/\/rheumaliga.ch\/luownw\" target=\"_blank\" rel=\"noreferrer noopener\"><em><strong>Rheumaliga Luzern und Unterwalden<\/strong><\/em><\/a>\u00a0<em>informiert<\/em>\u00a0and\u00a0<em>f\u00f6rdert die Selbsthilfe<\/em>\u00a0bei Rheumaerkrankungen. Sie bietet ausserdem verschiedene Kurse an. <\/li>\n\n\n\n<li><strong>Sehbehinderung und Blindheit<\/strong>:\u00a0Die\u00a0<a href=\"https:\/\/sbv-fsa.ch\/bst\/beratung-zentralschweiz\/\" target=\"_blank\" rel=\"noreferrer noopener\"><strong><em>Fachstelle Sehbehinderung Zentralschweiz<\/em><\/strong><\/a>\u00a0ist\u00a0die Anlaufstelle der Zentralschweiz f\u00fcr alle Fragen zum Thema Sehbehinderung, Augenerkrankungen und Blindheit.\u00a0\u00a0<\/li>\n\n\n\n<li><strong>Schwerh\u00f6rigkeit und Geh\u00f6rlosigkeit<\/strong>:\u00a0Die\u00a0<a href=\"https:\/\/bfsug.ch\/beratungsstellen\/region-zentralschweiz\/\" target=\"_blank\" rel=\"noreferrer noopener\"><strong><em>Beratungsstelle f\u00fcr Schwerh\u00f6rige und Geh\u00f6rlose BFSUG Zentralschweiz<\/em><\/strong><\/a>\u00a0ist f\u00fcr alle Betroffenen und indirekt Betroffene, wie Angeh\u00f6rige und Bezugspersonen da.\u00a0<\/li>\n<\/ul>\n\n\n\n<p>Ihre Haus\u00e4rztin oder Ihr Hausarzt hilft Ihnen gerne weiter, die richtigen Anlaufstellen zu finden. <\/p>\n\t\t\t<\/div>\n\t\t<\/div>\n\t\t\t\t<div id=\"qaef-641\" class=\"qe-faq-toggle gesundheit-grundlagen\">\n\t\t\t<div class=\"qe-toggle-title\">\n\t\t\t\t<h4>\n\t\t\t\t\t<i class=\"fa fa-minus-circle\"><\/i> 05. Wo kann ich anonym Hilfe finden?\t\t\t\t<\/h4>\n\t\t\t<\/div>\n\t\t\t<div class=\"qe-toggle-content\">\n\t\t\t\t\n<div class=\"wp-block-group is-layout-flow wp-block-group-is-layout-flow\"><div class=\"wp-block-group__inner-container\">\n<p>In der Schweiz gibt es daf\u00fcr verschiedene Anlaufstellen. Dort m\u00fcssen Sie keine pers\u00f6nlichen Angaben wie Name oder Wohnort weitergeben, wenn Sie dies nicht m\u00f6chten: <\/p>\n\n\n\n<ul class=\"wp-block-list\">\n<li>Die Webseite <strong><em><a href=\"https:\/\/www.143.ch\/\">143.ch<\/a><\/em><\/strong> bietet verschiedene <strong>Beratungen f\u00fcr Krisensituationen<\/strong> an.<\/li>\n\n\n\n<li>Im Internet gibt es zus\u00e4tzlich spezielle\u00a0<strong>Counseling for youth.<\/strong>\u00a0A useful website is for example\u00a0<em><a href=\"http:\/\/www.lilli.ch\/\" target=\"_blank\" rel=\"noreferrer noopener\"><strong>www.lilli.ch<\/strong><\/a><\/em>. Sie informiert \u00fcber Themen wie Beziehungen, Sexualit\u00e4t, Verh\u00fctung oder Gewalt und bietet eine Plattform f\u00fcr den Austausch mit anderen.<\/li>\n\n\n\n<li>Some parents are overwhelmed with their child, in a crisis or a stressful situation. For them there is the counseling center\u00a0<strong><em><a href=\"https:\/\/www.elternnotruf.ch\/?gad_source=1&amp;gad_campaignid=23349595386&amp;gclid=Cj0KCQiAgvPKBhCxARIsAOlK_EodZdco5DHXwTECYocut7J6e8msaz66rEVZ9--1NMM7JZKjeT1ZClYaAn30EALw_wcB\">Parent Emergency Call<\/a><\/em>  <\/strong>(Tel. <a href=\"tel:0848354555\">0848 354 555<\/a>).\u00a0Sie ist rund um die Uhr erreichbar. <\/li>\n\n\n\n<li>F\u00fcr Personen ohne Aufenthaltsbewilligung, die keine \u00f6ffentlichen Stellen aufsuchen wollen, gibt es verschiedene\u00a0<em><a href=\"http:\/\/www.sante-sans-papiers.ch\/\" target=\"_blank\" rel=\"noreferrer noopener\"><strong>Health care providers for sans-papiers<\/strong><\/a><\/em>, which offer free care and advice.<\/li>\n<\/ul>\n<\/div><\/div>\n\n\n\n<figure class=\"wp-block-image aligncenter size-full is-resized\"><img decoding=\"async\" loading=\"lazy\" width=\"500\" height=\"338\" src=\"https:\/\/integration.ow.ch\/wp-content\/uploads\/2021\/11\/F15-1_ZVG.jpg\" alt=\"\" class=\"wp-image-642\" srcset=\"https:\/\/integration.ow.ch\/wp-content\/uploads\/2021\/11\/F15-1_ZVG.jpg 500w, https:\/\/integration.ow.ch\/wp-content\/uploads\/2021\/11\/F15-1_ZVG-300x203.jpg 300w\" sizes=\"auto, (max-width: 500px) 100vw, 500px\" \/><\/figure>\n\t\t\t<\/div>\n\t\t<\/div>\n\t\t\t\t<div id=\"qaef-612\" class=\"qe-faq-toggle gesundheit-grundlagen\">\n\t\t\t<div class=\"qe-toggle-title\">\n\t\t\t\t<h4>\n\t\t\t\t\t<i class=\"fa fa-minus-circle\"><\/i> 06. Was ist ein Notfall und wie leiste ich erste Hilfe?\t\t\t\t<\/h4>\n\t\t\t<\/div>\n\t\t\t<div class=\"qe-toggle-content\">\n\t\t\t\t\n<div class=\"inherit-container-width wp-block-group is-layout-constrained wp-block-group-is-layout-constrained\"><div class=\"wp-block-group__inner-container\">\n<figure class=\"wp-block-image alignright size-full is-resized\"><img decoding=\"async\" loading=\"lazy\" width=\"500\" height=\"338\" src=\"https:\/\/integration.ow.ch\/wp-content\/uploads\/2021\/11\/F1-1_30052292_Felix-Abraham.jpg\" alt=\"\" class=\"wp-image-613\" srcset=\"https:\/\/integration.ow.ch\/wp-content\/uploads\/2021\/11\/F1-1_30052292_Felix-Abraham.jpg 500w, https:\/\/integration.ow.ch\/wp-content\/uploads\/2021\/11\/F1-1_30052292_Felix-Abraham-300x203.jpg 300w\" sizes=\"auto, (max-width: 500px) 100vw, 500px\" \/><\/figure>\n\n\n\n<p>Ein Notfall ist eine <strong>lebensgef\u00e4hrliche Situation<\/strong>. Wenn ein Mensch in Ihrer N\u00e4he einen Notfall erleidet (zum Beispiel einen Unfall), ist die\u00a0<strong>Erste Hilfe\u00a0und ein schnelles Handeln<\/strong> das Wichtigste. Schauen Sie sich das richtige Vorgehen <strong><em><a href=\"https:\/\/www.samariter.ch\/de\/erste-hilfe\">here<\/a><\/em><\/strong> an, damit Sie im Notfall anderen helfen k\u00f6nnen. Dazu werden auch <strong><em><a href=\"https:\/\/www.samariter.ch\/de\">Kurse<\/a><\/em><\/strong> offered.<\/p>\n\n\n\n<p><strong><em><a href=\"https:\/\/www.ksow.ch\/notfall\">Wichtige Notfallnummern<\/a><\/em> <\/strong>in der Schweiz :<\/p>\n\n\n\n<ul class=\"wp-block-list\">\n<li>Ambulance 144<\/li>\n\n\n\n<li>Police 117<\/li>\n\n\n\n<li>Fire department 118<\/li>\n\n\n\n<li>Poisoning 145 (Toxicology Information Center)<\/li>\n<\/ul>\n\n\n\n<p><strong>Geben Sie beim Anruf diese Informationen weiter:<\/strong> <\/p>\n\n\n\n<ul class=\"wp-block-list\">\n<li>Ihren Namen<\/li>\n\n\n\n<li>Von wo aus rufen Sie an?<\/li>\n\n\n\n<li>Was ist geschehen?<\/li>\n\n\n\n<li>Wie viele Personen sind beteiligt\/verletzt?<\/li>\n\n\n\n<li>Was haben Sie schon unternommen?<\/li>\n<\/ul>\n\n\n\n<p>In den meisten \u00f6ffentlichen Spit\u00e4lern gibt es eine Notfallstation, die 24 Stunden offen ist. Sie ist f\u00fcr schwerwiegende F\u00e4lle vorgesehen. Im Kanton Obwalden ist dies die&nbsp;<strong>Emergency ward in the hospital Sarnen<\/strong>. <\/p>\n<\/div><\/div>\n\n\n\n<p><\/p>\n\n\n\n<p><\/p>\n\t\t\t<\/div>\n\t\t<\/div>\n\t\t            <\/div>\n\t\t<\/div>\n\n\n\n<p><\/p>","protected":false},"excerpt":{"rendered":"<p>Gesundheit Allgemeines Fragen:<\/p>","protected":false},"author":1,"featured_media":542,"parent":0,"menu_order":18,"comment_status":"closed","ping_status":"closed","template":"","meta":{"_uag_custom_page_level_css":"","site-sidebar-layout":"","site-content-layout":"","ast-site-content-layout":"default","site-content-style":"default","site-sidebar-style":"default","ast-global-header-display":"","ast-banner-title-visibility":"","ast-main-header-display":"","ast-hfb-above-header-display":"","ast-hfb-below-header-display":"","ast-hfb-mobile-header-display":"","site-post-title":"","ast-breadcrumbs-content":"","ast-featured-img":"disabled","footer-sml-layout":"","ast-disable-related-posts":"","theme-transparent-header-meta":"","adv-header-id-meta":"","stick-header-meta":"","header-above-stick-meta":"","header-main-stick-meta":"","header-below-stick-meta":"","astra-migrate-meta-layouts":"set","ast-page-background-enabled":"default","ast-page-background-meta":{"desktop":{"background-color":"","background-image":"","background-repeat":"repeat","background-position":"center center","background-size":"auto","background-attachment":"scroll","background-type":"","background-media":"","overlay-type":"","overlay-color":"","overlay-opacity":"","overlay-gradient":""},"tablet":{"background-color":"","background-image":"","background-repeat":"repeat","background-position":"center center","background-size":"auto","background-attachment":"scroll","background-type":"","background-media":"","overlay-type":"","overlay-color":"","overlay-opacity":"","overlay-gradient":""},"mobile":{"background-color":"","background-image":"","background-repeat":"repeat","background-position":"center center","background-size":"auto","background-attachment":"scroll","background-type":"","background-media":"","overlay-type":"","overlay-color":"","overlay-opacity":"","overlay-gradient":""}},"ast-content-background-meta":{"desktop":{"background-color":"var(--ast-global-color-5)","background-image":"","background-repeat":"repeat","background-position":"center center","background-size":"auto","background-attachment":"scroll","background-type":"","background-media":"","overlay-type":"","overlay-color":"","overlay-opacity":"","overlay-gradient":""},"tablet":{"background-color":"var(--ast-global-color-5)","background-image":"","background-repeat":"repeat","background-position":"center center","background-size":"auto","background-attachment":"scroll","background-type":"","background-media":"","overlay-type":"","overlay-color":"","overlay-opacity":"","overlay-gradient":""},"mobile":{"background-color":"var(--ast-global-color-5)","background-image":"","background-repeat":"repeat","background-position":"center center","background-size":"auto","background-attachment":"scroll","background-type":"","background-media":"","overlay-type":"","overlay-color":"","overlay-opacity":"","overlay-gradient":""}},"footnotes":""},"class_list":["post-541","page","type-page","status-publish","has-post-thumbnail","hentry"],"uagb_featured_image_src":{"full":["https:\/\/integration.ow.ch\/wp-content\/uploads\/2021\/11\/A1-2_Kochen_RogerWehrli.jpg",500,338,false],"thumbnail":["https:\/\/integration.ow.ch\/wp-content\/uploads\/2021\/11\/A1-2_Kochen_RogerWehrli-150x150.jpg",150,150,true],"medium":["https:\/\/integration.ow.ch\/wp-content\/uploads\/2021\/11\/A1-2_Kochen_RogerWehrli-300x203.jpg",300,203,true],"medium_large":["https:\/\/integration.ow.ch\/wp-content\/uploads\/2021\/11\/A1-2_Kochen_RogerWehrli.jpg",500,338,false],"large":["https:\/\/integration.ow.ch\/wp-content\/uploads\/2021\/11\/A1-2_Kochen_RogerWehrli.jpg",500,338,false],"1536x1536":["https:\/\/integration.ow.ch\/wp-content\/uploads\/2021\/11\/A1-2_Kochen_RogerWehrli.jpg",500,338,false],"2048x2048":["https:\/\/integration.ow.ch\/wp-content\/uploads\/2021\/11\/A1-2_Kochen_RogerWehrli.jpg",500,338,false],"trp-custom-language-flag":["https:\/\/integration.ow.ch\/wp-content\/uploads\/2021\/11\/A1-2_Kochen_RogerWehrli.jpg",18,12,false]},"uagb_author_info":{"display_name":"admin","author_link":"https:\/\/integration.ow.ch\/en\/author\/inow-wpadmin\/"},"uagb_comment_info":0,"uagb_excerpt":"Gesundheit Allgemeines Fragen:","_links":{"self":[{"href":"https:\/\/integration.ow.ch\/en\/wp-json\/wp\/v2\/pages\/541","targetHints":{"allow":["GET"]}}],"collection":[{"href":"https:\/\/integration.ow.ch\/en\/wp-json\/wp\/v2\/pages"}],"about":[{"href":"https:\/\/integration.ow.ch\/en\/wp-json\/wp\/v2\/types\/page"}],"author":[{"embeddable":true,"href":"https:\/\/integration.ow.ch\/en\/wp-json\/wp\/v2\/users\/1"}],"replies":[{"embeddable":true,"href":"https:\/\/integration.ow.ch\/en\/wp-json\/wp\/v2\/comments?post=541"}],"version-history":[{"count":5,"href":"https:\/\/integration.ow.ch\/en\/wp-json\/wp\/v2\/pages\/541\/revisions"}],"predecessor-version":[{"id":2237,"href":"https:\/\/integration.ow.ch\/en\/wp-json\/wp\/v2\/pages\/541\/revisions\/2237"}],"wp:featuredmedia":[{"embeddable":true,"href":"https:\/\/integration.ow.ch\/en\/wp-json\/wp\/v2\/media\/542"}],"wp:attachment":[{"href":"https:\/\/integration.ow.ch\/en\/wp-json\/wp\/v2\/media?parent=541"}],"curies":[{"name":"wp","href":"https:\/\/api.w.org\/{rel}","templated":true}]}}