{"id":331,"date":"2021-11-08T08:01:51","date_gmt":"2021-11-08T08:01:51","guid":{"rendered":"https:\/\/integration.ow.ch\/?page_id=331"},"modified":"2025-08-14T15:21:56","modified_gmt":"2025-08-14T13:21:56","slug":"sozialversicherungen","status":"publish","type":"page","link":"https:\/\/integration.ow.ch\/en\/arbeit\/sozialversicherungen\/","title":{"rendered":"Social security"},"content":{"rendered":"<h1 class=\"wp-block-heading\">Work<\/h1>\n\n\n\n<h2 class=\"wp-block-heading\">Social security<\/h2>\n\n\n\n<h3 class=\"wp-block-heading\">Questions:<\/h3>\n\n\n\n<div class=\"wp-block-quick-and-easy-faqs-faqs-accordion-orderby-title-asc\">            <div class=\"qae-faqs-container qae-faqs-toggle-container\">\n\t\t\t\t\t\t\t<ul class=\"qe-faqs-filters-container\">\n\t\t\t\t<li class=\"active\"><a class=\"qe-faqs-filter all-faqs\" href=\"#\" data-filter=\"*\">All<\/a><\/li>\n\t\t\t\t<li><a class=\"qe-faqs-filter\" href=\"#Sozialversicherungen\" data-filter=\".Sozialversicherungen\">Social security<\/a><\/li>\t\t\t<\/ul>\n\t\t\t\t\t<div id=\"qaef-334\" class=\"qe-faq-toggle sozialversicherungen\">\n\t\t\t<div class=\"qe-toggle-title\">\n\t\t\t\t<h4>\n\t\t\t\t\t<i class=\"fa fa-minus-circle\"><\/i> 01. Wie funktioniert die Altersvorsorge in der Schweiz?\t\t\t\t<\/h4>\n\t\t\t<\/div>\n\t\t\t<div class=\"qe-toggle-content\">\n\t\t\t\t\n<div class=\"inherit-container-width wp-block-group is-layout-constrained wp-block-group-is-layout-constrained\"><div class=\"wp-block-group__inner-container\">\n<figure class=\"wp-block-image alignright size-full is-resized\"><img decoding=\"async\" loading=\"lazy\" width=\"300\" height=\"203\" src=\"https:\/\/integration.ow.ch\/wp-content\/uploads\/2021\/11\/csm_F1-2_25749200_Eric_Fahrner_481190d997.jpg\" alt=\"\" class=\"wp-image-335\" style=\"width:300px;height:203px\" \/><\/figure>\n\n\n\n<p>In Switzerland, retirement age begins at 64 for women and 65 for men.<\/p>\n<\/div><\/div>\n\n\n\n<p>In der Schweiz baut die Altersvorsorge auf einem 3-S\u00e4ulen System auf:<br><strong>State provision: <\/strong><br>Inhalt: Alters- und Hinterlassenenversicherung (AHV) und Invalidenversicherung (IV)<br>Ziel: Sicherung der Existenz<br>Responsible: State<br><br><strong>Occupational pension <\/strong>(2nd pillar):<br>Inhalt: Pensionskasse (PK)<br>Goal: Maintain standard of living<br>Responsible: Employer<br><br><strong>Private pension<\/strong> (3rd pillar):<br>Content: tied pension provision (pillar 3a) and free pension provision (pillar 3b)<br>Target: additional demand<br>Responsible: Ownership<\/p>\n\t\t\t<\/div>\n\t\t<\/div>\n\t\t\t\t<div id=\"qaef-336\" class=\"qe-faq-toggle sozialversicherungen\">\n\t\t\t<div class=\"qe-toggle-title\">\n\t\t\t\t<h4>\n\t\t\t\t\t<i class=\"fa fa-minus-circle\"><\/i> 02. Wof\u00fcr ist die Invalidenversicherung (IV) da?\t\t\t\t<\/h4>\n\t\t\t<\/div>\n\t\t\t<div class=\"qe-toggle-content\">\n\t\t\t\t\n<div class=\"inherit-container-width wp-block-group is-layout-constrained wp-block-group-is-layout-constrained\"><div class=\"wp-block-group__inner-container\">\n<figure class=\"wp-block-image alignleft size-full is-resized\"><img decoding=\"async\" loading=\"lazy\" width=\"300\" height=\"203\" src=\"https:\/\/integration.ow.ch\/wp-content\/uploads\/2021\/11\/csm_F2-3_7468620_RamonaHeim_8c3711f8f2.jpg\" alt=\"\" class=\"wp-image-337\" style=\"width:300px;height:203px\" \/><\/figure>\n\n\n\n<p>Die Abk\u00fcrzung IV steht f\u00fcr\u00a0Invalidenversicherung.\u00a0Sie ist neben der AHV eine weitere wichtige <strong>Sozialversicherung<\/strong> in der Schweiz. Als invalid gilt jemand, wenn er oder sie wegen einer k\u00f6rperlichen, psychischen oder geistigen Gesundheitseinschr\u00e4nkung bleibend oder f\u00fcr l\u00e4ngere Zeit (mindestens ein Jahr) nicht mehr oder nur noch teilweise arbeiten kann.<\/p>\n\n\n\n<p>Die IV hat in erster Linie die Aufgabe, die betroffenen Versicherten wieder ins Arbeitsleben zu integrieren. Wenn diese Massnahmen nicht zum Ziel f\u00fchren, bezahlt die IV den Versicherten eine\u00a0<strong>Pension.<\/strong><\/p>\n\n\n\n<p>You can find more information on disability insurance at the <a href=\"https:\/\/www.ch.ch\/de\/versicherungen\/invalidenversicherung\/\"><strong><em>Website of ch.ch<\/em><\/strong><\/a>\u00a0and at the<em>\u00a0<\/em><a href=\"https:\/\/www.akow.ch\/private\/gesundheitssituation\/invaliditaet\/\"><em><strong><em><strong>I<\/strong><\/em><\/strong><\/em><strong><em>V-Stelle des Kantons Obwalden<\/em><\/strong>.<\/a><\/p>\n<\/div><\/div>\n\n\n\n<p><\/p>\n\t\t\t<\/div>\n\t\t<\/div>\n\t\t\t\t<div id=\"qaef-338\" class=\"qe-faq-toggle sozialversicherungen\">\n\t\t\t<div class=\"qe-toggle-title\">\n\t\t\t\t<h4>\n\t\t\t\t\t<i class=\"fa fa-minus-circle\"><\/i> 03. who and what is covered by accident insurance?\t\t\t\t<\/h4>\n\t\t\t<\/div>\n\t\t\t<div class=\"qe-toggle-content\">\n\t\t\t\t\n<div class=\"inherit-container-width wp-block-group is-layout-constrained wp-block-group-is-layout-constrained\"><div class=\"wp-block-group__inner-container\">\n<figure class=\"wp-block-image alignright size-full is-resized\"><img decoding=\"async\" loading=\"lazy\" src=\"https:\/\/integration.ow.ch\/wp-content\/uploads\/2021\/11\/csm_F3-2_17985027_PeterAtkins_4fca6b9e12.jpg\" alt=\"\" class=\"wp-image-339\" width=\"300\" height=\"203\" \/><\/figure>\n\n\n\n<p>All employees in Switzerland&nbsp;<strong>Employees<\/strong>&nbsp;are insured against accident.<\/p>\n\n\n\n<ul class=\"wp-block-list\">\n<li>You work&nbsp;<strong>eight hours or more per week<\/strong>&nbsp;with an employer: Then you are insured against occupational accidents and against so-called non-occupational accidents (accidents on the way to work and during leisure time).<\/li>\n\n\n\n<li>You work&nbsp;<strong>less than eight hours<\/strong>&nbsp;per week with an employer: Then you are only insured against occupational accidents and against accidents on the way to work. For accidents in your free time (e.g. in the household), you must take out accident insurance with the health insurance company.<\/li>\n\n\n\n<li><strong>Unemployed persons,<\/strong>&nbsp;who are entitled to unemployment benefits are compulsorily insured.<\/li>\n<\/ul>\n\n\n\n<p><strong>Not insured<\/strong>&nbsp;are persons who are not gainfully employed, e.g. housewives and househusbands, children, students, pensioners or unemployed persons who have been taxed out. These persons are required to take out accident insurance with the health insurance company.<\/p>\n\n\n\n<p><strong>This is how you proceed in the event of an accident: <\/strong>Always report the accident immediately to your employer or health insurance company. You can obtain the form for this from your employer or your health insurance fund. <\/p>\n<\/div><\/div>\n\t\t\t<\/div>\n\t\t<\/div>\n\t\t\t\t<div id=\"qaef-340\" class=\"qe-faq-toggle sozialversicherungen\">\n\t\t\t<div class=\"qe-toggle-title\">\n\t\t\t\t<h4>\n\t\t\t\t\t<i class=\"fa fa-minus-circle\"><\/i> 04 How is unemployment insurance (ALV) organized?\t\t\t\t<\/h4>\n\t\t\t<\/div>\n\t\t\t<div class=\"qe-toggle-content\">\n\t\t\t\t\n<div class=\"inherit-container-width wp-block-group is-layout-constrained wp-block-group-is-layout-constrained\"><div class=\"wp-block-group__inner-container\">\n<figure class=\"wp-block-image alignleft size-full is-resized\"><img decoding=\"async\" loading=\"lazy\" width=\"300\" height=\"203\" src=\"https:\/\/integration.ow.ch\/wp-content\/uploads\/2021\/11\/csm_F4-2_25425237_pizuttipics_19be96a15c.jpg\" alt=\"\" class=\"wp-image-341\" style=\"width:300px;height:203px\" \/><\/figure>\n\n\n\n<p>To receive unemployment compensation, you must first register with the\u00a0<em><a href=\"http:\/\/www.rav-ownw.ch\/\" target=\"_blank\" rel=\"noreferrer noopener\"><strong>Regional Employment Center RAV<\/strong><\/a><\/em>\u00a0anmelden. Dies sollten Sie schon bevor Sie arbeitslos werden tun. Also beispielsweise sobald Sie erfahren, dass Ihnen gek\u00fcndigt wird. Falls Sie noch bei keiner Arbeitslosenkasse angemeldet sind, k\u00f6nnen Sie das beim RAV erledigen.<\/p>\n\n\n\n<p><a href=\"https:\/\/www.bsv.admin.ch\/bsv\/de\/home\/sozialversicherungen\/alv.html\"><em><strong>Here<\/strong><\/em><\/a> you will find further information on unemployment insurance in Switzerland. <\/p>\n<\/div><\/div>\n\n\n\n<p><\/p>\n\t\t\t<\/div>\n\t\t<\/div>\n\t\t\t\t<div id=\"qaef-342\" class=\"qe-faq-toggle sozialversicherungen\">\n\t\t\t<div class=\"qe-toggle-title\">\n\t\t\t\t<h4>\n\t\t\t\t\t<i class=\"fa fa-minus-circle\"><\/i> 05. Wer und was ist in der Krankenversicherung (KV) versichert?\t\t\t\t<\/h4>\n\t\t\t<\/div>\n\t\t\t<div class=\"qe-toggle-content\">\n\t\t\t\t\n<div class=\"inherit-container-width wp-block-group is-layout-constrained wp-block-group-is-layout-constrained\"><div class=\"wp-block-group__inner-container\">\n<div class=\"wp-block-image\"><figure class=\"alignright size-full\"><img decoding=\"async\" loading=\"lazy\" width=\"300\" height=\"203\" src=\"https:\/\/integration.ow.ch\/wp-content\/uploads\/2021\/11\/csm_F5-1_27102515_Schlierner_c0854f8fb4.jpg\" alt=\"\" class=\"wp-image-343\" \/><\/figure><\/div>\n\n\n\n<p><strong>Mandatory<\/strong>&nbsp;is the so-called&nbsp;<strong>Basic insurance.<\/strong>&nbsp;Health insurance companies must include every person in basic insurance, regardless of age and state of health. The insured persons are free to choose their health insurance company.<\/p>\n\n\n\n<p>All are included in the basic insurance for the&nbsp;<strong>Same power<\/strong>&nbsp;insured. However, depending on the health insurance company and insurance model, this varies in cost. The benefits of the basic insurance include, for example, treatment in a doctor's office and hospital, medically prescribed medication and laboratory tests, psychotherapy and physiotherapy, check-ups during pregnancy, vaccinations, health examinations for children and partial costs for emergency transport. Not covered by the basic insurance are ordinary dental treatments.<\/p>\n\n\n\n<p>You can voluntarily make a&nbsp;<strong>Supplementary insurance&nbsp;<\/strong>and have to pay more premium for it. This pays for additional services.<\/p>\n\n\n\n<p><em><a href=\"https:\/\/www.comparis.ch\/krankenkassen\/info\/glossar\/leistungen-krankenpflegeversicherung.aspx\" target=\"_blank\" rel=\"noreferrer noopener\"><strong>Here<\/strong><\/a><\/em>&nbsp;you will find a list of all basic insurance benefits.<\/p>\n\n\n\n<p>The\u00a0<a href=\"https:\/\/www.migesplus.ch\/publikationen\/gesundheitswegweiser-schweiz\" target=\"_blank\" rel=\"noreferrer noopener\"><em><strong>Health Guide Switzerland<\/strong><\/em><\/a>\u00a0helps migrants to find their way around the Swiss healthcare system. It is available in various languages.<\/p>\n\n\n\n<p><em><strong><a rel=\"noreferrer noopener\" href=\"https:\/\/www.bsv.admin.ch\/bsv\/de\/home\/sozialversicherungen\/kv-uv.html\" target=\"_blank\">Here\u00a0<\/a><\/strong><\/em>you will find more information about health insurance in Switzerland. <\/p>\n<\/div><\/div>\n\t\t\t<\/div>\n\t\t<\/div>\n\t\t\t\t<div id=\"qaef-348\" class=\"qe-faq-toggle sozialversicherungen\">\n\t\t\t<div class=\"qe-toggle-title\">\n\t\t\t\t<h4>\n\t\t\t\t\t<i class=\"fa fa-minus-circle\"><\/i> 06. Was ist die Mutterschaftsversicherung?\t\t\t\t<\/h4>\n\t\t\t<\/div>\n\t\t\t<div class=\"qe-toggle-content\">\n\t\t\t\t\n<div class=\"inherit-container-width wp-block-group is-layout-constrained wp-block-group-is-layout-constrained\"><div class=\"wp-block-group__inner-container\">\n<figure class=\"wp-block-image alignleft size-full is-resized\"><img decoding=\"async\" loading=\"lazy\" width=\"300\" height=\"203\" src=\"https:\/\/integration.ow.ch\/wp-content\/uploads\/2021\/11\/csm_F8-3_7473662_MonartDesign_af847f4480.jpg\" alt=\"\" class=\"wp-image-349\" style=\"width:300px;height:203px\" \/><\/figure>\n\n\n\n<p>In der Schweiz existiert eine gesetzlich vorgeschriebene Mutterschaftsversicherung: Das heisst, erwerbst\u00e4tige M\u00fctter bekommen nach der Geburt w\u00e4hrend 14 Wochen einen Urlaub und erhalten 80 % des durchschnittlichen Lohns. Dieser wird auch Mutterschaftsentsch\u00e4digung oder <strong>Mutterschaftsurlaub<\/strong> genannt.<br>More information about the <a href=\"https:\/\/www.bsv.admin.ch\/bsv\/de\/home\/sozialversicherungen\/eo-msv\/grundlagen-und-gesetze\/mutterschaft.html\"><em><strong>Maternity compensation<\/strong><\/em><\/a> and to the <a href=\"https:\/\/www.bsv.admin.ch\/bsv\/de\/home\/informationen-fuer\/kmu\/fall-zu-fall\/schwangerschaft.html\"><strong><em>Protection of the employee during maternity<\/em><\/strong><\/a> can be found on the website of the Federal Social Insurance Office.<\/p>\n\n\n\n<p> <br>Seit 2021 existiert in der Schweiz ein gesetzlicher Anspruch auf <strong>Vaterschaftsurlaub, beziehungsweise Urlaub des anderen Elternteils<\/strong>. Offiziell betr\u00e4gt dieser 2 Wochen. N\u00e4here Informationen dazu erhalten Sie direkt bei Ihrer Arbeitgeberin, Ihrem Arbeitgeber oder <em><strong><a href=\"https:\/\/www.ch.ch\/de\/familie-und-partnerschaft\/mutterschaft-und-vaterschaft\/vaterschaftsurlaub--urlaub-des-anderen-elternteils\/\" target=\"_blank\" rel=\"noreferrer noopener\">here<\/a><\/strong><\/em>.\u00a0\u00a0<\/p>\n\n\n\n<p><\/p>\n<\/div><\/div>\n\n\n\n<p><\/p>\n\t\t\t<\/div>\n\t\t<\/div>\n\t\t\t\t<div id=\"qaef-350\" class=\"qe-faq-toggle sozialversicherungen\">\n\t\t\t<div class=\"qe-toggle-title\">\n\t\t\t\t<h4>\n\t\t\t\t\t<i class=\"fa fa-minus-circle\"><\/i> 07. who gets family allowances?\t\t\t\t<\/h4>\n\t\t\t<\/div>\n\t\t\t<div class=\"qe-toggle-content\">\n\t\t\t\t\n<div class=\"inherit-container-width wp-block-group is-layout-constrained wp-block-group-is-layout-constrained\"><div class=\"wp-block-group__inner-container\">\n<figure class=\"wp-block-image alignright size-full is-resized\"><img decoding=\"async\" loading=\"lazy\" width=\"300\" height=\"203\" src=\"https:\/\/integration.ow.ch\/wp-content\/uploads\/2021\/11\/csm_F9-1_33024846_ChepkoDanil_33bfec4c6f.jpg\" alt=\"\" class=\"wp-image-351\" style=\"width:300px;height:203px\" \/><\/figure>\n\n\n\n<p>Familienzulagen sind Geldleistungen f\u00fcr Familien, um die finanzielle Belastung durch ein oder mehrere Kinder teilweise auszugleichen.<\/p>\n\n\n\n<p>Arbeitnehmende mit einem <strong>AHV-pflichtigen Einkommen von mindestens CHF 7\u2018050.- pro Jahr<\/strong> (CHF 587.- pro Monat) haben Anspruch auf Kinderzulagen. Auch Selbst\u00e4ndigerwerbende bekommen Familienzulagen.<\/p>\n\n\n\n<p>Im Kanton Obwalden erhalten Sie f\u00fcr Kinder bis 16 Jahren eine <strong>Kinderzulage von 200 Franken pro Kind und Monat<\/strong>. F\u00fcr Kinder von 16 bis 25 Jahren, die in Ausbildung sind, steht Ihnen eine <strong>Ausbildungszulage von 250 Franken pro Kind und Monat<\/strong> zu. Damit Sie dieses Geld erhalten, m\u00fcssen Sie bei Ihrer Arbeitgeberin oder Ihrem Arbeitgeber einen Antrag auf Familienzulagen stellen.<\/p>\n\n\n\n<p>You can find more information <strong><em><a href=\"https:\/\/www.akow.ch\/dienstleistungen\/familienzulagen\">here<\/a><\/em><\/strong>. <\/p>\n<\/div><\/div>\n\n\n\n<p><\/p>\n\t\t\t<\/div>\n\t\t<\/div>\n\t\t\t\t<div id=\"qaef-352\" class=\"qe-faq-toggle sozialversicherungen\">\n\t\t\t<div class=\"qe-toggle-title\">\n\t\t\t\t<h4>\n\t\t\t\t\t<i class=\"fa fa-minus-circle\"><\/i> 08. Am I entitled to a premium reduction from the health insurance company?\t\t\t\t<\/h4>\n\t\t\t<\/div>\n\t\t\t<div class=\"qe-toggle-content\">\n\t\t\t\t\n<div class=\"inherit-container-width wp-block-group is-layout-constrained wp-block-group-is-layout-constrained\"><div class=\"wp-block-group__inner-container\">\n<figure class=\"wp-block-image alignleft size-full is-resized\"><img decoding=\"async\" loading=\"lazy\" width=\"300\" height=\"203\" src=\"https:\/\/integration.ow.ch\/wp-content\/uploads\/2021\/11\/csm_F9-3_31077301_RobertKneschke_eaf992802e.jpg\" alt=\"\" class=\"wp-image-353\" style=\"width:300px;height:203px\" \/><\/figure>\n\n\n\n<p>Those who live in modest economic circumstances receive a financial contribution to the premiums for compulsory health insurance - the individual premium reduction.<\/p>\n\n\n\n<p>Die individuelle Pr\u00e4mienverbilligung ist die Aufgabe des kantonalen Gesundheitsamtes. Sie wird direkt an die Krankenkasse ausbezahlt.<\/p>\n\n\n\n<p>You can find more information on the\u00a0<em><strong><a href=\"https:\/\/www.ow.ch\/fachbereiche\/1774\" target=\"_blank\" rel=\"noreferrer noopener\"><strong>Website of the health department<\/strong><\/a><\/strong><\/em>. <\/p>\n<\/div><\/div>\n\t\t\t<\/div>\n\t\t<\/div>\n\t\t            <\/div>\n\t\t<\/div>\n\n\n\n<p><\/p>","protected":false},"excerpt":{"rendered":"<p>Arbeit Sozialversicherungen Fragen:<\/p>","protected":false},"author":1,"featured_media":0,"parent":263,"menu_order":7,"comment_status":"closed","ping_status":"closed","template":"","meta":{"_uag_custom_page_level_css":"","site-sidebar-layout":"default","site-content-layout":"","ast-site-content-layout":"default","site-content-style":"default","site-sidebar-style":"default","ast-global-header-display":"","ast-banner-title-visibility":"","ast-main-header-display":"","ast-hfb-above-header-display":"","ast-hfb-below-header-display":"","ast-hfb-mobile-header-display":"","site-post-title":"","ast-breadcrumbs-content":"","ast-featured-img":"","footer-sml-layout":"","ast-disable-related-posts":"","theme-transparent-header-meta":"","adv-header-id-meta":"","stick-header-meta":"","header-above-stick-meta":"","header-main-stick-meta":"","header-below-stick-meta":"","astra-migrate-meta-layouts":"set","ast-page-background-enabled":"default","ast-page-background-meta":{"desktop":{"background-color":"","background-image":"","background-repeat":"repeat","background-position":"center center","background-size":"auto","background-attachment":"scroll","background-type":"","background-media":"","overlay-type":"","overlay-color":"","overlay-opacity":"","overlay-gradient":""},"tablet":{"background-color":"","background-image":"","background-repeat":"repeat","background-position":"center center","background-size":"auto","background-attachment":"scroll","background-type":"","background-media":"","overlay-type":"","overlay-color":"","overlay-opacity":"","overlay-gradient":""},"mobile":{"background-color":"","background-image":"","background-repeat":"repeat","background-position":"center center","background-size":"auto","background-attachment":"scroll","background-type":"","background-media":"","overlay-type":"","overlay-color":"","overlay-opacity":"","overlay-gradient":""}},"ast-content-background-meta":{"desktop":{"background-color":"var(--ast-global-color-5)","background-image":"","background-repeat":"repeat","background-position":"center center","background-size":"auto","background-attachment":"scroll","background-type":"","background-media":"","overlay-type":"","overlay-color":"","overlay-opacity":"","overlay-gradient":""},"tablet":{"background-color":"var(--ast-global-color-5)","background-image":"","background-repeat":"repeat","background-position":"center center","background-size":"auto","background-attachment":"scroll","background-type":"","background-media":"","overlay-type":"","overlay-color":"","overlay-opacity":"","overlay-gradient":""},"mobile":{"background-color":"var(--ast-global-color-5)","background-image":"","background-repeat":"repeat","background-position":"center center","background-size":"auto","background-attachment":"scroll","background-type":"","background-media":"","overlay-type":"","overlay-color":"","overlay-opacity":"","overlay-gradient":""}},"footnotes":""},"class_list":["post-331","page","type-page","status-publish","hentry"],"uagb_featured_image_src":{"full":false,"thumbnail":false,"medium":false,"medium_large":false,"large":false,"1536x1536":false,"2048x2048":false,"trp-custom-language-flag":false},"uagb_author_info":{"display_name":"admin","author_link":"https:\/\/integration.ow.ch\/en\/author\/inow-wpadmin\/"},"uagb_comment_info":0,"uagb_excerpt":"Arbeit Sozialversicherungen Fragen:","_links":{"self":[{"href":"https:\/\/integration.ow.ch\/en\/wp-json\/wp\/v2\/pages\/331","targetHints":{"allow":["GET"]}}],"collection":[{"href":"https:\/\/integration.ow.ch\/en\/wp-json\/wp\/v2\/pages"}],"about":[{"href":"https:\/\/integration.ow.ch\/en\/wp-json\/wp\/v2\/types\/page"}],"author":[{"embeddable":true,"href":"https:\/\/integration.ow.ch\/en\/wp-json\/wp\/v2\/users\/1"}],"replies":[{"embeddable":true,"href":"https:\/\/integration.ow.ch\/en\/wp-json\/wp\/v2\/comments?post=331"}],"version-history":[{"count":1,"href":"https:\/\/integration.ow.ch\/en\/wp-json\/wp\/v2\/pages\/331\/revisions"}],"predecessor-version":[{"id":2085,"href":"https:\/\/integration.ow.ch\/en\/wp-json\/wp\/v2\/pages\/331\/revisions\/2085"}],"up":[{"embeddable":true,"href":"https:\/\/integration.ow.ch\/en\/wp-json\/wp\/v2\/pages\/263"}],"wp:attachment":[{"href":"https:\/\/integration.ow.ch\/en\/wp-json\/wp\/v2\/media?parent=331"}],"curies":[{"name":"wp","href":"https:\/\/api.w.org\/{rel}","templated":true}]}}