{"id":2144,"date":"2025-10-09T13:51:46","date_gmt":"2025-10-09T11:51:46","guid":{"rendered":"https:\/\/integration.ow.ch\/?page_id=2144"},"modified":"2025-10-09T14:06:12","modified_gmt":"2025-10-09T12:06:12","slug":"familiennachzug","status":"publish","type":"page","link":"https:\/\/integration.ow.ch\/en\/aufenthaltsbewilligung-familiennachzug\/familiennachzug\/","title":{"rendered":"Familiennachzug"},"content":{"rendered":"<h1 class=\"wp-block-heading\">Residence permit<\/h1>\n\n\n\n<h2 class=\"wp-block-heading\">Familiennachzug <\/h2>\n\n\n\n<h3 class=\"wp-block-heading\">Questions: <\/h3>\n\n\n\n<div class=\"wp-block-quick-and-easy-faqs-faqs-accordion-orderby-title-asc\">            <div class=\"qae-faqs-container qae-faqs-toggle-container\">\n\t\t\t\t\t\t\t<ul class=\"qe-faqs-filters-container\">\n\t\t\t\t<li class=\"active\"><a class=\"qe-faqs-filter all-faqs\" href=\"#\" data-filter=\"*\">All<\/a><\/li>\n\t\t\t\t<li><a class=\"qe-faqs-filter\" href=\"#familiennachzug\" data-filter=\".familiennachzug\">Familiennachzug<\/a><\/li>\t\t\t<\/ul>\n\t\t\t\t\t<div id=\"qaef-372\" class=\"qe-faq-toggle familiennachzug\">\n\t\t\t<div class=\"qe-toggle-title\">\n\t\t\t\t<h4>\n\t\t\t\t\t<i class=\"fa fa-minus-circle\"><\/i> 01. Welche Bedingungen m\u00fcssen erf\u00fcllt sein, damit ich meine Familienangeh\u00f6rigen in die Schweiz holen kann?\t\t\t\t<\/h4>\n\t\t\t<\/div>\n\t\t\t<div class=\"qe-toggle-content\">\n\t\t\t\t\n<p>In order for you to be able to have your family members join you in Switzerland, the following conditions must be met:<\/p>\n\n\n\n<ul class=\"wp-block-list\">\n<li>Your&nbsp;<strong>Apartment<\/strong>&nbsp;muss gross genug f\u00fcr die ganze Familie sein und den orts\u00fcblichen Verh\u00e4ltnissen entsprechen.<\/li>\n\n\n\n<li>Falls Sie selbst\u00e4ndig erwerbend oder nicht erwerbst\u00e4tig sind, m\u00fcssen Sie nachweisen k\u00f6nnen, dass Sie f\u00fcr den&nbsp;<strong>Maintenance&nbsp;<\/strong>Ihrer Angeh\u00f6rigen aufkommen k\u00f6nnen. Falls Sie angestellt sind, sind Ihre finanziellen Verh\u00e4ltnisse nicht relevant. <\/li>\n\n\n\n<li>If you are a third-country national or a national of a third country, you must be able to prove that your stay is&nbsp;<strong>consolidated<\/strong>&nbsp;is. This means that you should be reasonably integrated and employed for at least 12 months. <\/li>\n<\/ul>\n\n\n\n<p>Um eine Aufenthaltsbewilligung zu erhalten, m\u00fcssen Ihre Familienangeh\u00f6rigen, unter anderen folgende<strong>&nbsp;Documents<\/strong>&nbsp;can show:<\/p>\n\n\n\n<ul class=\"wp-block-list\">\n<li>G\u00fcltige Identit\u00e4tskarte oder g\u00fcltiger Pass<\/li>\n\n\n\n<li>Visum (bei Personen, die visumpflichtig sind)<\/li>\n\n\n\n<li>Best\u00e4tigung Ihres Verwandtschaftsverh\u00e4ltnisses vom Heimatstaat<\/li>\n\n\n\n<li>Best\u00e4tigung, dass f\u00fcr den Unterhalt der nachgezogenen Familienangeh\u00f6rigen gesorgt ist<\/li>\n\n\n\n<li>Copy of the rental contract in Obwalden<\/li>\n<\/ul>\n\n\n\n<p>You can find more information&nbsp;<a rel=\"noreferrer noopener\" href=\"https:\/\/www.ch.ch\/de\/familiennachzug-drittstaaten\/\" target=\"_blank\"><em><strong>here<\/strong><\/em><\/a>.&nbsp;<\/p>\n\n\n\n<p>The\u00a0<strong>Wanted<\/strong>\u00a0um Familiennachzug muss im Kanton Obwalden bei der <strong><em><a href=\"https:\/\/www.ow.ch\/fachbereiche\/1822\">Ableitung Migration<\/a><\/em><\/strong> im Amt f\u00fcr Arbeit eingereicht werden. <br>Email: <em><a href=\"mailto:migration@ow.ch\">migration@ow.ch<\/a><\/em>, Tel.: <a href=\"tel:+41416666670\"><em>+41 41 666 66 70<\/em><\/a><\/p>\n\n\n\n<p>The&nbsp;<strong>Registration&nbsp;<\/strong>after moving to Switzerland is done by personal audition at the municipality of residence.<\/p>\n\t\t\t<\/div>\n\t\t<\/div>\n\t\t\t\t<div id=\"qaef-369\" class=\"qe-faq-toggle familiennachzug\">\n\t\t\t<div class=\"qe-toggle-title\">\n\t\t\t\t<h4>\n\t\t\t\t\t<i class=\"fa fa-minus-circle\"><\/i> 02. Welche Familienangeh\u00f6rigen darf ich in die Schweiz holen, wenn ich aus einem EU\/EFTA-Staat stamme?\t\t\t\t<\/h4>\n\t\t\t<\/div>\n\t\t\t<div class=\"qe-toggle-content\">\n\t\t\t\t\n<p>Wenn Sie EU\/EFTA-B\u00fcrgerin oder EU\/EFTA-B\u00fcrger sind und \u00fcber eine Aufenthaltsbewilligung oder Kurzaufenthaltsbewilligung f\u00fcr die Schweiz verf\u00fcgen, d\u00fcrfen folgende Familienmitglieder in die Schweiz ziehen:<\/p>\n\n\n\n<ul class=\"wp-block-list\">\n<li>Ehepartnerin oder Ehepartner \/ Partnerin oder Partner einer eingetragenen Partnerschaft.<\/li>\n\n\n\n<li>Kinder und Enkel bis zum 21. Lebensjahr. \u00c4ltere Kinder und Enkel d\u00fcrfen nachkommen, wenn Sie f\u00fcr ihren Unterhalt aufkommen.<\/li>\n\n\n\n<li>Eltern und Grosseltern, wenn Sie f\u00fcr ihren Unterhalt aufkommen.<\/li>\n<\/ul>\n\n\n\n<p>Falls Sie sich in einer Ausbildung befinden, d\u00fcrfen Sie nur Ihre Ehepartnerin oder Ehepartner und Ihre unterhaltspflichtigen Kinder in die Schweiz nachziehen lassen.<\/p>\n\n\n\n<p>Wenn Sie einen Familiennachzug machen m\u00f6chten, m\u00fcssen Sie daf\u00fcr ein <strong><em><a href=\"https:\/\/www.ow.ch\/publikationen\/12472\">Wanted<\/a><\/em><\/strong> einreichen. <\/p>\n\n\n\n<p>Weitere Informationen zum Thema Familiennachzug finden Sie\u00a0<a href=\"https:\/\/www.ch.ch\/de\/familie-und-partnerschaft\/familiennachzug\/#\/\"><em><strong>here<\/strong><\/em><\/a>.<\/p>\n\t\t\t<\/div>\n\t\t<\/div>\n\t\t\t\t<div id=\"qaef-370\" class=\"qe-faq-toggle familiennachzug\">\n\t\t\t<div class=\"qe-toggle-title\">\n\t\t\t\t<h4>\n\t\t\t\t\t<i class=\"fa fa-minus-circle\"><\/i> 03. Welche Familienangeh\u00f6rigen darf ich in die Schweiz holen, wenn ich aus einem Drittstaat stamme?\t\t\t\t<\/h4>\n\t\t\t<\/div>\n\t\t\t<div class=\"qe-toggle-content\">\n\t\t\t\t\n<p>Wenn Sie B\u00fcrgerin oder B\u00fcrger eines Drittstaates mit einer<strong> Niederlassungsbewilligung (Ausweis C)<\/strong> f\u00fcr die Schweiz sind, d\u00fcrfen folgende Familienangeh\u00f6rige in die Schweiz ziehen: <\/p>\n\n\n\n<ul class=\"wp-block-list\">\n<li>Ehepartnerin oder Ehepartner<\/li>\n\n\n\n<li>Partnerin oder Partner in einer eingetragenen Partnerschaft<\/li>\n\n\n\n<li>Children up to the age of 18<\/li>\n<\/ul>\n\n\n\n<p>Wenn Sie B\u00fcrgerin oder B\u00fcrger eines Drittstaates mit einer <strong>Aufenthaltsbewilligung (Ausweis B)<\/strong> f\u00fcr die Schweiz sind, besteht kein Recht auf Familiennachzug. Wenn die Bedingungen f\u00fcr den Familiennachzug erf\u00fcllt sind, kann dieser trotzdem bewilligt werden (siehe Frage 06). <\/p>\n\n\n\n<div class=\"inherit-container-width wp-block-group is-layout-constrained wp-block-group-is-layout-constrained\"><div class=\"wp-block-group__inner-container\">\n<p>For more information on family reunification&nbsp;<a rel=\"noreferrer noopener\" href=\"https:\/\/www.ch.ch\/de\/familiennachzug-drittstaaten\/\" target=\"_blank\"><em><strong>here<\/strong><\/em><\/a>.<\/p>\n<\/div><\/div>\n\t\t\t<\/div>\n\t\t<\/div>\n\t\t            <\/div>\n\t\t<\/div>\n\n\n\n<p><\/p>","protected":false},"excerpt":{"rendered":"<p>Aufenthaltsbewilligung Familiennachzug Fragen:<\/p>","protected":false},"author":2,"featured_media":0,"parent":289,"menu_order":0,"comment_status":"closed","ping_status":"closed","template":"","meta":{"_uag_custom_page_level_css":"","site-sidebar-layout":"default","site-content-layout":"","ast-site-content-layout":"default","site-content-style":"default","site-sidebar-style":"default","ast-global-header-display":"","ast-banner-title-visibility":"","ast-main-header-display":"","ast-hfb-above-header-display":"","ast-hfb-below-header-display":"","ast-hfb-mobile-header-display":"","site-post-title":"disabled","ast-breadcrumbs-content":"","ast-featured-img":"","footer-sml-layout":"","ast-disable-related-posts":"","theme-transparent-header-meta":"","adv-header-id-meta":"","stick-header-meta":"","header-above-stick-meta":"","header-main-stick-meta":"","header-below-stick-meta":"","astra-migrate-meta-layouts":"set","ast-page-background-enabled":"default","ast-page-background-meta":{"desktop":{"background-color":"","background-image":"","background-repeat":"repeat","background-position":"center center","background-size":"auto","background-attachment":"scroll","background-type":"","background-media":"","overlay-type":"","overlay-color":"","overlay-opacity":"","overlay-gradient":""},"tablet":{"background-color":"","background-image":"","background-repeat":"repeat","background-position":"center center","background-size":"auto","background-attachment":"scroll","background-type":"","background-media":"","overlay-type":"","overlay-color":"","overlay-opacity":"","overlay-gradient":""},"mobile":{"background-color":"","background-image":"","background-repeat":"repeat","background-position":"center center","background-size":"auto","background-attachment":"scroll","background-type":"","background-media":"","overlay-type":"","overlay-color":"","overlay-opacity":"","overlay-gradient":""}},"ast-content-background-meta":{"desktop":{"background-color":"var(--ast-global-color-5)","background-image":"","background-repeat":"repeat","background-position":"center center","background-size":"auto","background-attachment":"scroll","background-type":"","background-media":"","overlay-type":"","overlay-color":"","overlay-opacity":"","overlay-gradient":""},"tablet":{"background-color":"var(--ast-global-color-5)","background-image":"","background-repeat":"repeat","background-position":"center center","background-size":"auto","background-attachment":"scroll","background-type":"","background-media":"","overlay-type":"","overlay-color":"","overlay-opacity":"","overlay-gradient":""},"mobile":{"background-color":"var(--ast-global-color-5)","background-image":"","background-repeat":"repeat","background-position":"center center","background-size":"auto","background-attachment":"scroll","background-type":"","background-media":"","overlay-type":"","overlay-color":"","overlay-opacity":"","overlay-gradient":""}},"footnotes":""},"class_list":["post-2144","page","type-page","status-publish","hentry"],"uagb_featured_image_src":{"full":false,"thumbnail":false,"medium":false,"medium_large":false,"large":false,"1536x1536":false,"2048x2048":false,"trp-custom-language-flag":false},"uagb_author_info":{"display_name":"SAOW","author_link":"https:\/\/integration.ow.ch\/en\/author\/saow\/"},"uagb_comment_info":0,"uagb_excerpt":"Aufenthaltsbewilligung Familiennachzug Fragen:","_links":{"self":[{"href":"https:\/\/integration.ow.ch\/en\/wp-json\/wp\/v2\/pages\/2144","targetHints":{"allow":["GET"]}}],"collection":[{"href":"https:\/\/integration.ow.ch\/en\/wp-json\/wp\/v2\/pages"}],"about":[{"href":"https:\/\/integration.ow.ch\/en\/wp-json\/wp\/v2\/types\/page"}],"author":[{"embeddable":true,"href":"https:\/\/integration.ow.ch\/en\/wp-json\/wp\/v2\/users\/2"}],"replies":[{"embeddable":true,"href":"https:\/\/integration.ow.ch\/en\/wp-json\/wp\/v2\/comments?post=2144"}],"version-history":[{"count":3,"href":"https:\/\/integration.ow.ch\/en\/wp-json\/wp\/v2\/pages\/2144\/revisions"}],"predecessor-version":[{"id":2150,"href":"https:\/\/integration.ow.ch\/en\/wp-json\/wp\/v2\/pages\/2144\/revisions\/2150"}],"up":[{"embeddable":true,"href":"https:\/\/integration.ow.ch\/en\/wp-json\/wp\/v2\/pages\/289"}],"wp:attachment":[{"href":"https:\/\/integration.ow.ch\/en\/wp-json\/wp\/v2\/media?parent=2144"}],"curies":[{"name":"wp","href":"https:\/\/api.w.org\/{rel}","templated":true}]}}